{"id":10,"date":"2021-11-29T22:23:35","date_gmt":"2021-11-29T21:23:35","guid":{"rendered":"http:\/\/www.axelfhu.com.pl\/?page_id=10"},"modified":"2024-09-18T09:07:45","modified_gmt":"2024-09-18T08:07:45","slug":"kontakt","status":"publish","type":"page","link":"https:\/\/www.axelfhu.com.pl\/index.php\/kontakt\/","title":{"rendered":"POMOC"},"content":{"rendered":"\n<p class=\"has-large-font-size\"><strong>Szanowni Pa\u0144stwo !<\/strong><\/p>\n\n\n\n<p>Prosimy o zapoznanie si\u0119 z naszym <strong><a href=\"\/index.php\/porady-i-triki\/\" target=\"_blank\" rel=\"noreferrer noopener\">faq<\/a><\/strong>, je\u015bli nie ma tam pomocnej informacji to w ka\u017cdej chwili mo\u017cecie napisa\u0107 na maila pomoc@axelfhu.com.pl , a najlepiej skorzysta\u0107 z komunikatora umieszczonego na tej stronie lub zadzwoni\u0107 na numery : <\/p>\n\n\n\n<p><strong>+48 793 769 422<\/strong><br><strong>+48 607 063 155<\/strong><br><strong>+48 536 584 884<\/strong><br><strong>+48 574 375 457<\/strong><\/p>\n\n\n\n<p>pozwoli to Pa\u0144stwu skontaktowa\u0107 si\u0119 z nami w celu:<\/p>\n\n\n\n<ul>\n<li>udzielenia pomocy instalacyjnej<\/li>\n\n\n\n<li>udzielenia pomocy wdro\u017ceniowej<\/li>\n\n\n\n<li>udzielenia pomocy awaryjnej<\/li>\n<\/ul>\n\n\n\n<p>Pomoc udzielana jest w godzinach od 7:00 do 17:00 zgodnie z nap\u0142ywaniem zg\u0142osze\u0144.<\/p>\n\n\n\n<figure class=\"wp-block-table is-style-regular\"><table><tbody><tr><td><strong>W sytuacji awarii poza godzinami pracy naszego biura prosimy:<\/strong><br><br> <li>je\u015bli posiadaj\u0105 Pa\u0144stwo aktualn\u0105 umow\u0119 serwisow\u0105 z opcj\u0105 serwisu <mark style=\"background-color:rgba(0, 0, 0, 0);color:#a30035\" class=\"has-inline-color\">poza godzinami pracy biura i w weekendy<\/mark> to prosimy o telefon na podany w niej numer serwisowy , mo\u017cna te\u017c pisa\u0107 maila lub u\u017cy\u0107 komunikatora. Podczas kontaktu nale\u017cy poinformowa\u0107 o posiadanej umow\u0119. <\/li>Prosimy przygotowa\u0107 informacje: NIP firmy , e-mail  , telefon kontaktowy, nazwisko i imi\u0119 osoby odpowiedzialnej za kontakt<br> <li>je\u015bli posiadaj\u0105 Pa\u0144stwo aktualn\u0105 umow\u0119 serwisow\u0105 BEZ opcji serwisu <mark style=\"background-color:rgba(0, 0, 0, 0);color:#a30035\" class=\"has-inline-color\">poza godzinami pracy biura i w weekendy<\/mark> to tak\u017ce nale\u017cy zg\u0142osi\u0107 potrzeb\u0119 serwisow\u0105 , nale\u017cy mie\u0107 tylko \u015bwiadomo\u015b\u0107 \u017ce udzielona pomoc b\u0119dzie odp\u0142atna. <\/li>Prosimy przygotowa\u0107 informacje: NIP firmy , e-mail  , telefon kontaktowy, nazwisko i imi\u0119 osoby odpowiedzialnej za kontakt<br><br> <li>je\u015bli NIE posiadaj\u0105 Pa\u0144stwo aktualnej umow\u0119 serwisowej prosimy o kontakt w godzinach pracy biura, lub  <\/li>op\u0142acenie pomocy przy pomocy PeyPal i po otrzymaniu potwierdzenia prosimy o kontakt &#8211; za pomoc\u0105 komunikatora  umieszczonego na naszej stronie podaj\u0105c numer potwierdzenia, opis problemu &#8211; najlepiej z zdj\u0119ciami. <br><\/td><\/tr><\/tbody><\/table><\/figure>\n\n\n\n<div style=\"height:50px\" aria-hidden=\"true\" class=\"wp-block-spacer\"><\/div>\n\n\n<div class=\"wp-block-image is-style-rounded\">\n<figure class=\"alignleft size-full is-resized\"><img decoding=\"async\" loading=\"lazy\" src=\"https:\/\/www.axelfhu.com.pl\/wp-content\/uploads\/2021\/11\/anydesk-remote-desktop-software-icon.png\" alt=\"\" class=\"wp-image-119\" width=\"119\" height=\"119\"\/><figcaption class=\"wp-element-caption\"> <a href=\"https:\/\/anydesk.com\/pl\/downloads\" target=\"_blank\" rel=\"noreferrer noopener\">ANY DESK <\/a><\/figcaption><\/figure><\/div>\n\n<div class=\"wp-block-image is-style-rounded\">\n<figure class=\"alignright size-full is-resized\"><img decoding=\"async\" loading=\"lazy\" src=\"https:\/\/www.axelfhu.com.pl\/wp-content\/uploads\/2021\/11\/889138.png\" alt=\"\" class=\"wp-image-120\" width=\"56\" height=\"56\" srcset=\"https:\/\/www.axelfhu.com.pl\/wp-content\/uploads\/2021\/11\/889138.png 512w, https:\/\/www.axelfhu.com.pl\/wp-content\/uploads\/2021\/11\/889138-300x300.png 300w, https:\/\/www.axelfhu.com.pl\/wp-content\/uploads\/2021\/11\/889138-150x150.png 150w\" sizes=\"(max-width: 56px) 100vw, 56px\" \/><figcaption class=\"wp-element-caption\"> <a href=\"https:\/\/get.teamviewer.com\/3a6tkkq\" target=\"_blank\" rel=\"noreferrer noopener\">TEAM VIEWER (QuickSupport)<\/a> <\/figcaption><\/figure><\/div>\n\n\n<p class=\"has-text-align-center\">Przed po\u0142\u0105czeniem prosimy o pobranie oraz zainstalowanie jednego z dw\u00f3ch program\u00f3w pomocniczych:<\/p>\n\n\n\n<figure class=\"wp-block-table is-style-regular\"><table><tbody><tr><td><br>&nbsp;<\/td><\/tr><\/tbody><\/table><\/figure>\n\n\n\n<p> <\/p>\n\n\n\n<p><\/p>\n\n\n\n<p><\/p>\n\n\n\n<div style=\"height:50px\" aria-hidden=\"true\" class=\"wp-block-spacer\"><\/div>\n\n\n\n<p> <\/p>\n\n\n\n<p class=\"has-medium-font-size\"><strong>Je\u015bli nie posiadaj\u0105 Pa\u0144stwo aktualnej umowy serwisowej, a potrzebujecie Pa\u0144stwo pomocy, prosimy o zrealizowanie p\u0142atno\u015bci za pojedyncze zdarzenie serwisowe trwaj\u0105ce do 30 minut. poprzez u\u017cycie poni\u017cszego apletu<\/strong>.<\/p>\n\n\n\n<p><strong>Po uiszczeniu op\u0142aty prosimy o informacj\u0119 na nasz komunikator umieszczony na tej stronie<\/strong><\/p>\n\n\n\n<form style=\"text-align: center;\" action=\"https:\/\/www.paypal.com\/cgi-bin\/webscr\" method=\"post\" target=\"_blank\">\n<input type=\"hidden\" name=\"cmd\" value=\"_s-xclick\">\n<input type=\"hidden\" name=\"hosted_button_id\" value=\"JJ8TR6T6FDJUA\">\n<input type=\"image\" src=\"https:\/\/www.paypalobjects.com\/pl_PL\/PL\/i\/btn\/btn_buynowCC_LG.gif\" border=\"0\" name=\"submit\" alt=\"PayPal \u0096 P\u0142a\u0107 wygodnie i bezpiecznie\">\n<img decoding=\"async\" loading=\"lazy\" alt=\"\" border=\"0\" src=\"https:\/\/www.paypalobjects.com\/pl_PL\/i\/scr\/pixel.gif\" width=\"1\" height=\"1\">\n<\/form>\n<iframe src=\"https:\/\/www.google.com\/maps\/embed?pb=!1m18!1m12!1m3!1d2549.467367095135!2d18.662013599999998!3d50.283203099999994!2m3!1f0!2f0!3f0!3m2!1i1024!2i768!4f13.1!3m3!1m2!1s0x471131b3b66aaeed%3A0x4828e78661a2a8c3!2sAXEL%20-%20oprogramowanie%20i%20systemy%20zarz%C4%85dzania%20dla%20piekarni%2C%20cukierni%2C%20masarni%2C%20garma%C5%BCerki%2C%20pierogarni%2C%20gastronomi!5e0!3m2!1spl!2spl!4v1726643073259!5m2!1spl!2spl\" height=\"450\" style=\"border:0;\" allowfullscreen=\"\" loading=\"lazy\" referrerpolicy=\"no-referrer-when-downgrade\"><\/iframe>\n\n\n\n<p><\/p>\n","protected":false},"excerpt":{"rendered":"<p>Szanowni Pa\u0144stwo ! Prosimy o zapoznanie si\u0119 z naszym faq, je\u015bli nie ma tam pomocnej informacji to w ka\u017cdej chwili mo\u017cecie napisa\u0107 na maila pomoc@axelfhu.com.pl , a najlepiej skorzysta\u0107 z komunikatora umieszczonego na tej stronie lub zadzwoni\u0107 na numery : +48 793 769 422+48 607 063 155+48 536 584 884+48 [&hellip;]<\/p>\n","protected":false},"author":1,"featured_media":64,"parent":0,"menu_order":0,"comment_status":"closed","ping_status":"closed","template":"","meta":[],"_links":{"self":[{"href":"https:\/\/www.axelfhu.com.pl\/index.php\/wp-json\/wp\/v2\/pages\/10"}],"collection":[{"href":"https:\/\/www.axelfhu.com.pl\/index.php\/wp-json\/wp\/v2\/pages"}],"about":[{"href":"https:\/\/www.axelfhu.com.pl\/index.php\/wp-json\/wp\/v2\/types\/page"}],"author":[{"embeddable":true,"href":"https:\/\/www.axelfhu.com.pl\/index.php\/wp-json\/wp\/v2\/users\/1"}],"replies":[{"embeddable":true,"href":"https:\/\/www.axelfhu.com.pl\/index.php\/wp-json\/wp\/v2\/comments?post=10"}],"version-history":[{"count":28,"href":"https:\/\/www.axelfhu.com.pl\/index.php\/wp-json\/wp\/v2\/pages\/10\/revisions"}],"predecessor-version":[{"id":599,"href":"https:\/\/www.axelfhu.com.pl\/index.php\/wp-json\/wp\/v2\/pages\/10\/revisions\/599"}],"wp:featuredmedia":[{"embeddable":true,"href":"https:\/\/www.axelfhu.com.pl\/index.php\/wp-json\/wp\/v2\/media\/64"}],"wp:attachment":[{"href":"https:\/\/www.axelfhu.com.pl\/index.php\/wp-json\/wp\/v2\/media?parent=10"}],"curies":[{"name":"wp","href":"https:\/\/api.w.org\/{rel}","templated":true}]}}