{"id":11,"date":"2021-11-29T22:23:35","date_gmt":"2021-11-29T21:23:35","guid":{"rendered":"http:\/\/www.axelfhu.com.pl\/?page_id=11"},"modified":"2024-09-18T07:46:02","modified_gmt":"2024-09-18T06:46:02","slug":"opis","status":"publish","type":"page","link":"https:\/\/www.axelfhu.com.pl\/index.php\/opis\/","title":{"rendered":"O programie"},"content":{"rendered":"\n<p class=\"has-text-align-center\"><strong>Szanowni Pa\u0144stwo !<\/strong><\/p>\n\n\n\n<figure class=\"wp-block-table alignwide\"><table><tbody><tr><td class=\"has-text-align-center\" data-align=\"center\"><em>Oferowany przez nasz\u0105 firm\u0119 program &#8222;AXEL&#8221; powsta\u0142 na bazie do\u015bwiadcze\u0144 zdobytych przez naszych informatyk\u00f3w z pracy w piekarniach, cukierniach (nie tylko na stanowiskach informatycznych). St\u0105d posiadamy dog\u0142\u0119bn\u0105 znajomo\u015b\u0107 tematu, co pozwala nam na tworzenie rewelacyjnego programu. Program pozwala na wykonanie ka\u017cdej czynno\u015bci ksi\u0119gowo-materia\u0142owej jak\u0105 codziennie wykonuj\u0105 Pa\u0144stwo r\u0119cznie.<\/em><\/td><\/tr><\/tbody><\/table><\/figure>\n\n\n\n<p><\/p>\n\n\n\n<figure class=\"wp-block-table\"><table><tbody><tr><td class=\"has-text-align-center\" data-align=\"center\"><em>Jak dowodz\u0105 badania przeprowadzone u naszych klient\u00f3w czas potrzebny na wykonanie codziennych czynno\u015bci uleg\u0142 skr\u00f3ceniu o:  <h2><span class=\"has-inline-color has-accent-color\">42%<\/span><\/h2><\/em><\/td><\/tr><\/tbody><\/table><\/figure>\n\n\n\n<div style=\"height:100px\" aria-hidden=\"true\" class=\"wp-block-spacer\"><\/div>\n\n\n\n<p><\/p>\n\n\n\n<p><strong>Zach\u0119camy do przeczytania poni\u017cszego skr\u00f3conego opisu programu:<\/strong><\/p>\n\n\n\n<p>MODU\u0141Y:<\/p>\n\n\n\n<ul>\n<li>ZAM\u00d3WIENIA: Pozwala na wystawianie dokument\u00f3w zam\u00f3wie\u0144, sprzeda\u017cy, w tym tak\u017ce dokument\u00f3w zbiorczych na podstawie dowod\u00f3w dostaw i zwrot\u00f3w oraz korekt. Mo\u017cna wprowadza\u0107 dokumenty zakupowe &#8211; w tym tak\u017ce na podstawie dokument\u00f3w magazynowych &#8211; np. rozliczenia z OSM, oraz wystawia\u0107 faktury VAT RR (rozliczenia z rolnikami). Mo\u017cliwa jest te\u017c ewidencja rachunk\u00f3w i um\u00f3w. Program automatycznie generuje korekty na podstawie przeterminowanych dowod\u00f3w zwrotu. Mo\u017cliwe jest ustanowienie okres\u00f3w rozliczenia dokument\u00f3w zbiorczych z odbiorcami. Program uwzgl\u0119dnia tak\u017ce rabaty dotycz\u0105ce zar\u00f3wno dokument\u00f3w magazynowych jak i sprzeda\u017cy. Rabaty mo\u017cna przyznawa\u0107 w stosunku do pozycji jak r\u00f3wnie\u017c w stosunku do ca\u0142o\u015bci dokumentu. Modu\u0142 handlowy jest przystosowany do rozlicze\u0144 kasowych i podatkowych. Mo\u017cliwe jest tak\u017ce wygenerowanie dowolnej ilo\u015bci cennik\u00f3w (ka\u017cdy kontrahent mo\u017ce mie\u0107 inny cennik lub przynale\u017ce\u0107 do jednej z wielu grup cenowych).<br>Do kontrahent\u00f3w mo\u017cemy tak\u017ce przypisa\u0107 kierowc\u00f3w w celu wykonania szeregu wydruk\u00f3w po sprzeda\u017cnych i po produkcyjnych w rozbiciu na trasy &#8211; np. rozpis rozwozu towaru. Modu\u0142 handlowy jest wyposa\u017cony w szeroki wachlarz numeracji dokument\u00f3w. Numery dokument\u00f3w mog\u0105 zale\u017ce\u0107 od kierowcy, od numeru zmiany produkcyjnej. Mog\u0105 narasta\u0107 w stosunku miesi\u0119cznym, rocznym lub by\u0107 naliczane niezale\u017cnie od okresu. Ze wzgl\u0119du na specyfik\u0119 pracy w piekarniach, cukierniach program posiada rozbudowane, okresowe szablony zam\u00f3wie\u0144.<br><\/li>\n\n\n\n<li>ZESTAWIENIA: Umo\u017cliwia w prosty spos\u00f3b wydoby\u0107 z modu\u0142u handlowego statystyczne informacje \u015bwiadcz\u0105ce o kierunku rozwoju naszej firmy. Ze wzgl\u0119du na dokumentowo zorientowan\u0105 budow\u0119 modu\u0142u handlowego mo\u017cliwe jest skonstruowanie zestawienia okresowego (dzie\u0144, tydzie\u0144, miesi\u0105c, rok) b\u0119d\u0105cego zbiciem danych. Zestawienia mog\u0105 by\u0107 grupowane po asortymencie, kontrahentach, grupach towarowych, kierowcach, dokumentach, okresie. Istniej\u0105 tak\u017ce specjalistyczne zestawienia por\u00f3wnuj\u0105ce dostawy i zwroty.<br><\/li>\n\n\n\n<li>KALKULACJE: Pozwala w prosty spos\u00f3b wyliczy\u0107 ceny produkt\u00f3w produkowanych oraz towar\u00f3w handlowych. Przypomina o konieczno\u015bci zmian cen aby nie doprowadzi\u0107 do strat. Modu\u0142 uwzgl\u0119dnia koszty bezpo\u015brednie, po\u015brednie, sprzeda\u017cy, transportu oraz inne dowolnie zdefiniowane.<br><\/li>\n\n\n\n<li>SPRZEDA\u017b: Pozwala generowa\u0107 dokumenty rozchodowe, takie jak dowod\u00f3w dostaw i zwrot\u00f3w, dowody przyj\u0119\u0107 i zwrot\u00f3w, rozchody i przychody wewn\u0119trzne (sklepy przynale\u017cne do firmy). Kolekcja asortymentu podzielona jest na towary handlowe i produkcyjne, surowce, koszty, us\u0142ugi. Generowanie remanentu oraz inwentaryzacji jest mo\u017cliwe w dowolnym okresie czasu. Z poziomu magazyn\u00f3w mo\u017cemy przegl\u0105da\u0107 wygenerowane dokumenty ustanawiaj\u0105ce dany stan magazynowy, zar\u00f3wno bezpo\u015brednio jak i z poziomu receptur jakie tworz\u0105 dany asortyment.<br><\/li>\n\n\n\n<li>PRODUKCJA i MAGAZYNY: Pozwala generowa\u0107 zu\u017cycie surowc\u00f3w i kontrolowa\u0107 stany magazynowe. Modu\u0142 nie musi pracowa\u0107 w oparciu o zam\u00f3wienia, st\u0105d mo\u017cliwa jest produkcja &#8222;dodatkowa&#8221;. Wynikaj\u0105ca z zapotrzebowania produkcja jest automatycznie przekazywana w postaci wydruk\u00f3w dla piekarzy,cukiernik\u00f3w. Modu\u0142 wylicza koszty produkcyjne jak i wykazuje zapotrzebowanie na surowce (w rozbiciu na p\u00f3\u0142produkty i surowce).<br><\/li>\n\n\n\n<li>FINANSE: Pozwala kontrolowa\u0107 przep\u0142yw got\u00f3wki w firmie jak r\u00f3wnie\u017c operacje bankowe naszych kont. Modu\u0142 potrafi rozlicza\u0107 dokumenty finansowe, ale mo\u017cliwe jest te\u017c rozliczanie kwotowe i ilo\u015bciowe dokument\u00f3w magazynowych. Mo\u017cna te operacje przeprowadza\u0107 zbiorczo lub w rozbiciu na kierowc\u00f3w dostarczaj\u0105cych lub odbieraj\u0105cych towar. Modu\u0142 wsp\u00f3\u0142pracuje z internetowym systemem ELIXIR. Mo\u017cliwa jest tak\u017ce dekretacja dokument\u00f3w wystawianych jako &#8222;niezale\u017cne dokumenty kasowe&#8221; w przypadku chwilowego braku dokument\u00f3w od dostawcy lub odbiorcy, przez co mo\u017cliwe jest przyjmowanie i wydawanie got\u00f3wki bez konieczno\u015bci wystawienia dokument\u00f3w zakupowych i sprzeda\u017cnych.<br>Istnieje mo\u017cliwo\u015b\u0107 prowadzenia wielu kas jak r\u00f3wnie\u017c wprowadzania wyci\u0105g\u00f3w z wielu bank\u00f3w niezale\u017cnych od siebie.<br><\/li>\n\n\n\n<li>KSI\u0118GI: Pozwala samodzielnie rozlicza\u0107 ksi\u0119gowo firm\u0119 (MA\u0141A i DU\u017bA KSI\u0118GOWO\u015a\u0106). Jest zbudowany jako cz\u0119\u015b\u0107 sk\u0142adowa programu &#8222;AXEL&#8221; przez co nie jest potrzebne dwukrotne wprowadzanie tych samych dokument\u00f3w lub dokonywanie import\u00f3w. Dane wprowadzane s\u0105 z dokument\u00f3w zakup\u00f3w i sprzeda\u017cy bezpo\u015brednio po ich wprowadzeniu. Mo\u017cliwe jest te\u017c wprowadzanie danych nie pochodz\u0105cych z modu\u0142u handlowego (delegacje, koszty pocztowe itp.). Modu\u0142 rozlicza \u015brodki trwa\u0142e (amortyzacje), samochody prywatne i s\u0142u\u017cbowe oraz P\u0141ACE.<br><\/li>\n\n\n\n<li>P\u0141ACE ,KADRY: Pozwala obliczy\u0107 wyp\u0142aty pracownik\u00f3w rozliczanych na zasadach rycza\u0142tu, akordu, umowy zlecenia i o dzie\u0142o. Mo\u017cliwe jest te\u017c rozliczanie uczni\u00f3w. Program umo\u017cliwia tworzenie: kartotek pracownik\u00f3w i zarobkowych, ewidencja um\u00f3w osobowych, bezosobowych, ewidencj\u0119 uczni\u00f3w, zasi\u0142k\u00f3w i \u015bwiadcze\u0144 ZUS, urlop\u00f3w, list p\u0142ac, nieobecno\u015bci, obecno\u015bci, szkole\u0144 BHP, bada\u0144 lekarskich oraz szkole\u0144.<br>Jest po\u0142\u0105czony bezpo\u015brednio z P\u0142atnikiem ZUS. Generuje dokumenty rozliczeniowe z Urz\u0119dem Skarbowym. Program jest zbudowany w oparciu o obowi\u0105zuj\u0105ce przepisy (ZUS, US).<\/li>\n<\/ul>\n\n\n\n<p><\/p>\n","protected":false},"excerpt":{"rendered":"<p>Szanowni Pa\u0144stwo ! Oferowany przez nasz\u0105 firm\u0119 program &#8222;AXEL&#8221; powsta\u0142 na bazie do\u015bwiadcze\u0144 zdobytych przez naszych informatyk\u00f3w z pracy w piekarniach, cukierniach (nie tylko na stanowiskach informatycznych). St\u0105d posiadamy dog\u0142\u0119bn\u0105 znajomo\u015b\u0107 tematu, co pozwala nam na tworzenie rewelacyjnego programu. Program pozwala na wykonanie ka\u017cdej czynno\u015bci ksi\u0119gowo-materia\u0142owej jak\u0105 codziennie wykonuj\u0105 Pa\u0144stwo [&hellip;]<\/p>\n","protected":false},"author":1,"featured_media":58,"parent":0,"menu_order":0,"comment_status":"closed","ping_status":"closed","template":"","meta":[],"_links":{"self":[{"href":"https:\/\/www.axelfhu.com.pl\/index.php\/wp-json\/wp\/v2\/pages\/11"}],"collection":[{"href":"https:\/\/www.axelfhu.com.pl\/index.php\/wp-json\/wp\/v2\/pages"}],"about":[{"href":"https:\/\/www.axelfhu.com.pl\/index.php\/wp-json\/wp\/v2\/types\/page"}],"author":[{"embeddable":true,"href":"https:\/\/www.axelfhu.com.pl\/index.php\/wp-json\/wp\/v2\/users\/1"}],"replies":[{"embeddable":true,"href":"https:\/\/www.axelfhu.com.pl\/index.php\/wp-json\/wp\/v2\/comments?post=11"}],"version-history":[{"count":9,"href":"https:\/\/www.axelfhu.com.pl\/index.php\/wp-json\/wp\/v2\/pages\/11\/revisions"}],"predecessor-version":[{"id":583,"href":"https:\/\/www.axelfhu.com.pl\/index.php\/wp-json\/wp\/v2\/pages\/11\/revisions\/583"}],"wp:featuredmedia":[{"embeddable":true,"href":"https:\/\/www.axelfhu.com.pl\/index.php\/wp-json\/wp\/v2\/media\/58"}],"wp:attachment":[{"href":"https:\/\/www.axelfhu.com.pl\/index.php\/wp-json\/wp\/v2\/media?parent=11"}],"curies":[{"name":"wp","href":"https:\/\/api.w.org\/{rel}","templated":true}]}}