{"id":14,"date":"2021-11-29T22:23:35","date_gmt":"2021-11-29T21:23:35","guid":{"rendered":"http:\/\/www.axelfhu.com.pl\/?page_id=14"},"modified":"2025-12-23T20:53:12","modified_gmt":"2025-12-23T19:53:12","slug":"uaktualnienia","status":"publish","type":"page","link":"https:\/\/www.axelfhu.com.pl\/index.php\/uaktualnienia\/","title":{"rendered":"Uaktualnienia"},"content":{"rendered":"\n<figure class=\"wp-block-table\"><table><tbody><tr><td><\/td><\/tr><tr><td><strong><br><\/strong>Prosimy o zapoznanie si\u0119 z naszym <strong><a href=\"\/index.php\/porady-i-triki\/\" target=\"_blank\" rel=\"noreferrer noopener\">faq<\/a><\/strong> oraz <strong><a href=\"\/index.php\/uaktualnienia\/faqs\/\" target=\"_blank\" rel=\"noreferrer noopener\">zmianami w programie<\/a><\/strong><\/td><\/tr><tr><td><br><br><strong>OBCNIE G\u0141\u00d3WNA WERSJA:<\/strong><br><br><strong>Wersja grudzie\u0144 2025(2512)<\/strong><br><strong><a rel=\"noreferrer noopener\" href=\"https:\/\/www.axelfhu.com.pl\/progr\/pobierz.php?plik=2512\/exesql.exe\" target=\"_blank\">Program \u00a0\u00a0\u00a0\u00a0\u00a0\u00a0<\/a>\u00a0<\/strong>(104 MB)<br><strong><a rel=\"noreferrer noopener\" href=\"https:\/\/www.axelfhu.com.pl\/progr\/pobierz.php?plik=2512\/axel.exe\" target=\"_blank\">Biblioteki \u00a0\u00a0\u00a0\u00a0\u00a0\u00a0<\/a>\u00a0<\/strong>(18 MB)<br><strong><a rel=\"noreferrer noopener\" href=\"https:\/\/www.axelfhu.com.pl\/progr\/pobierz.php?plik=2512\/schema.exe\" target=\"_blank\">Schematy \u00a0\u00a0\u00a0\u00a0\u00a0\u00a0<\/a>\u00a0<\/strong>(45 MB)<br><strong><a rel=\"noreferrer noopener\" href=\"https:\/\/www.axelfhu.com.pl\/progr\/pobierz.php?plik=2512\/upraw.exe\" target=\"_blank\">Uprawnienia \u00a0\u00a0\u00a0\u00a0\u00a0\u00a0<\/a>\u00a0<\/strong>(0,4 MB)<br><br><strong>Starsze wersje programu:<\/strong><br><br><strong>Wersja wrzesie\u0144 2025(2509)<\/strong><br><strong><a rel=\"noreferrer noopener\" href=\"https:\/\/www.axelfhu.com.pl\/progr\/pobierz.php?plik=2509\/exesql.exe\" target=\"_blank\">Program \u00a0\u00a0\u00a0\u00a0\u00a0\u00a0<\/a>\u00a0<\/strong>(104 MB)<br><strong><a rel=\"noreferrer noopener\" href=\"https:\/\/www.axelfhu.com.pl\/progr\/pobierz.php?plik=2509\/axel.exe\" target=\"_blank\">Biblioteki \u00a0\u00a0\u00a0\u00a0\u00a0\u00a0<\/a>\u00a0<\/strong>(18 MB)<br><strong><a rel=\"noreferrer noopener\" href=\"https:\/\/www.axelfhu.com.pl\/progr\/pobierz.php?plik=2509\/schema.exe\" target=\"_blank\">Schematy \u00a0\u00a0\u00a0\u00a0\u00a0\u00a0<\/a>\u00a0<\/strong>(45 MB)<br><strong><a rel=\"noreferrer noopener\" href=\"https:\/\/www.axelfhu.com.pl\/progr\/pobierz.php?plik=2509\/upraw.exe\" target=\"_blank\">Uprawnienia \u00a0\u00a0\u00a0\u00a0\u00a0\u00a0<\/a><\/strong><br><br><br><strong>WERSJA ROZWOJOWA:<\/strong><br><br><strong>Wersja marzec 2026(2603)<\/strong><br><strong><a rel=\"noreferrer noopener\" href=\"https:\/\/www.axelfhu.com.pl\/progr\/pobierz.php?plik=2603\/exesql.exe\" target=\"_blank\">Program \u00a0\u00a0\u00a0\u00a0\u00a0\u00a0<\/a>\u00a0<\/strong>(104 MB)<br><strong><a rel=\"noreferrer noopener\" href=\"https:\/\/www.axelfhu.com.pl\/progr\/pobierz.php?plik=2603\/axel.exe\" target=\"_blank\">Biblioteki \u00a0\u00a0\u00a0\u00a0\u00a0\u00a0<\/a>\u00a0<\/strong>(18 MB)<br><strong><a rel=\"noreferrer noopener\" href=\"https:\/\/www.axelfhu.com.pl\/progr\/pobierz.php?plik=2603\/schema.exe\" target=\"_blank\">Schematy \u00a0\u00a0\u00a0\u00a0\u00a0\u00a0<\/a>\u00a0<\/strong>(45 MB)<br><strong><a rel=\"noreferrer noopener\" href=\"https:\/\/www.axelfhu.com.pl\/progr\/pobierz.php?plik=2603\/upraw.exe\" target=\"_blank\">Uprawnienia \u00a0\u00a0\u00a0\u00a0\u00a0\u00a0<\/a>\u00a0<\/strong>(0,4 MB)<br><br><br><br><strong>Inne biblioteki<\/strong><br> <strong><a rel=\"noreferrer noopener\" href=\"https:\/\/www.axelfhu.com.pl\/demo\/elzab.rar\" target=\"_blank\">Bibioteki dla kasy ELZAB<\/a><br> <a rel=\"noreferrer noopener\" href=\"https:\/\/www.axelfhu.com.pl\/demo\/elzab_fisk_1.cab\" target=\"_blank\">Bibioteki dla drukarki fiskalnej ELZAB<\/a><br> <a rel=\"noreferrer noopener\" href=\"https:\/\/www.axelfhu.com.pl\/demo\/posnet_1.cab\" target=\"_blank\">Bibioteki dla drukarki fiskalnej POSNET\/INNOVA<\/a><br> <a rel=\"noreferrer noopener\" href=\"https:\/\/www.axelfhu.com.pl\/demo\/sharp_1.cab\" target=\"_blank\">Bibioteki dla kasy Fiskalnej SHARP<\/a><br> <a rel=\"noreferrer noopener\" href=\"https:\/\/www.axelfhu.com.pl\/demo\/optimus_1.cab\" target=\"_blank\">Bibioteki dla kasy Fiskalnej Novitus\/Optimus<\/a><\/strong><br><strong><br><a rel=\"noreferrer noopener\" href=\"https:\/\/www.axelfhu.com.pl\/demo\/help.exe\" target=\"_blank\"> instrukcja obs\u0142ugi<\/a><br><br> <a rel=\"noreferrer noopener\" href=\"https:\/\/www.axelfhu.com.pl\/demo\/pack.zip\" target=\"_blank\">pack.bat<\/a><br> <a rel=\"noreferrer noopener\" href=\"https:\/\/www.axelfhu.com.pl\/demo\/mysql_connector.exe\" target=\"_blank\">mysql connector<\/a><\/strong><br><br><strong>Programy instalacyjne:<\/strong><br><br><a href=\"https:\/\/www.axelfhu.com.pl\/demo\/axel%20-%20najlepsze%20oprogramowanie%20dla%20piekarni%20cukierni%20masarni%20(2509)%20sql2025.exe\">WINDOWS 10\/11 32\/64 Bit (lub MS SERWER od 2022) z MSsql 2025<\/a><br><a href=\"https:\/\/www.axelfhu.com.pl\/demo\/axel%20-%20najlepsze%20oprogramowanie%20dla%20piekarni%20cukierni%20masarni%20(2409)%20sql2019.exe\">WINDOWS 10\/11 32\/64 Bit (lub MS SERWER od 2016) z MSsql 2019<\/a><br><br><a href=\"https:\/\/www.axelfhu.com.pl\/demo\/axel%20-%20najlepsze%20oprogramowanie%20dla%20piekarni%20cukierni%20masarni%20(2109)%20stanowisko.exe\"> Stanowisko robocze &#8211; dowolna wersja Windows<\/a><br><br>starsze wersje Windows:<br><br> <a href=\"https:\/\/www.axelfhu.com.pl\/demo\/axel%20-%20najlepsze%20oprogramowanie%20dla%20piekarni%20cukierni%20masarni%20(1909)%20sql2008.exe\">WINDOWS 7\/8 32\/64 Bit (lub MS SERWER od 2008) z MSsql 2008R2<\/a><br> <a href=\"https:\/\/www.axelfhu.com.pl\/demo\/axel%20-%20najlepsze%20oprogramowanie%20dla%20piekarni%20cukierni%20masarni%20(1909)%20sql2005.exe\">WINDOWS XP (lub MS SERWER 2000,2003) z MSsql 2005<\/a><br><\/td><\/tr><\/tbody><\/table><\/figure>\n\n\n\n<p><\/p>\n","protected":false},"excerpt":{"rendered":"<p>Prosimy o zapoznanie si\u0119 z naszym faq oraz zmianami w programie OBCNIE G\u0141\u00d3WNA WERSJA: Wersja grudzie\u0144 2025(2512)Program \u00a0\u00a0\u00a0\u00a0\u00a0\u00a0\u00a0(104 MB)Biblioteki \u00a0\u00a0\u00a0\u00a0\u00a0\u00a0\u00a0(18 MB)Schematy \u00a0\u00a0\u00a0\u00a0\u00a0\u00a0\u00a0(45 MB)Uprawnienia \u00a0\u00a0\u00a0\u00a0\u00a0\u00a0\u00a0(0,4 MB) Starsze wersje programu: Wersja wrzesie\u0144 2025(2509)Program \u00a0\u00a0\u00a0\u00a0\u00a0\u00a0\u00a0(104 MB)Biblioteki \u00a0\u00a0\u00a0\u00a0\u00a0\u00a0\u00a0(18 MB)Schematy \u00a0\u00a0\u00a0\u00a0\u00a0\u00a0\u00a0(45 MB)Uprawnienia \u00a0\u00a0\u00a0\u00a0\u00a0\u00a0 WERSJA ROZWOJOWA: Wersja marzec 2026(2603)Program \u00a0\u00a0\u00a0\u00a0\u00a0\u00a0\u00a0(104 MB)Biblioteki \u00a0\u00a0\u00a0\u00a0\u00a0\u00a0\u00a0(18 MB)Schematy \u00a0\u00a0\u00a0\u00a0\u00a0\u00a0\u00a0(45 MB)Uprawnienia \u00a0\u00a0\u00a0\u00a0\u00a0\u00a0\u00a0(0,4 [&hellip;]<\/p>\n","protected":false},"author":1,"featured_media":135,"parent":0,"menu_order":0,"comment_status":"closed","ping_status":"closed","template":"","meta":[],"_links":{"self":[{"href":"https:\/\/www.axelfhu.com.pl\/index.php\/wp-json\/wp\/v2\/pages\/14"}],"collection":[{"href":"https:\/\/www.axelfhu.com.pl\/index.php\/wp-json\/wp\/v2\/pages"}],"about":[{"href":"https:\/\/www.axelfhu.com.pl\/index.php\/wp-json\/wp\/v2\/types\/page"}],"author":[{"embeddable":true,"href":"https:\/\/www.axelfhu.com.pl\/index.php\/wp-json\/wp\/v2\/users\/1"}],"replies":[{"embeddable":true,"href":"https:\/\/www.axelfhu.com.pl\/index.php\/wp-json\/wp\/v2\/comments?post=14"}],"version-history":[{"count":44,"href":"https:\/\/www.axelfhu.com.pl\/index.php\/wp-json\/wp\/v2\/pages\/14\/revisions"}],"predecessor-version":[{"id":674,"href":"https:\/\/www.axelfhu.com.pl\/index.php\/wp-json\/wp\/v2\/pages\/14\/revisions\/674"}],"wp:featuredmedia":[{"embeddable":true,"href":"https:\/\/www.axelfhu.com.pl\/index.php\/wp-json\/wp\/v2\/media\/135"}],"wp:attachment":[{"href":"https:\/\/www.axelfhu.com.pl\/index.php\/wp-json\/wp\/v2\/media?parent=14"}],"curies":[{"name":"wp","href":"https:\/\/api.w.org\/{rel}","templated":true}]}}