{"id":2,"date":"2021-11-22T22:38:20","date_gmt":"2021-11-22T22:38:20","guid":{"rendered":"http:\/\/www.axelfhu.com.pl\/?page_id=2"},"modified":"2024-09-18T07:58:41","modified_gmt":"2024-09-18T06:58:41","slug":"sample-page","status":"publish","type":"page","link":"https:\/\/www.axelfhu.com.pl\/","title":{"rendered":"O nas"},"content":{"rendered":"\n<p><\/p>\n\n\n\n<p>Przejmujemy si\u0119 tym co m\u00f3wisz, o czym my\u015blisz  i  czego potrzebujesz !<\/p>\n\n\n\n<p><\/p>\n\n\n\n<p>To tylko nasze motto.<\/p>\n\n\n\n<p><\/p>\n\n\n\n<p>Jeste\u015bmy producentem Zintegrowanego <strong>Systemu Zarz\u0105dzania &#8222;AXEL&#8221;<\/strong>. Oprogramowanie to s\u0142u\u017cy do ksi\u0119gowo-materia\u0142owej obs\u0142ugi Waszej firmy. System zosta\u0142 oparty o procesy faktycznie wyst\u0119puj\u0105ce w piekarniach i cukierniach. Celem zastosowania naszego systemu jest zminimalizowanie czasu potrzebnego do wykonywania czynno\u015bci, kt\u00f3re nie poci\u0105gaj\u0105 za sob\u0105 dodatkowych korzy\u015bci finansowych, a s\u0105 konieczne do prawid\u0142owego funkcjonowania Waszego przedsi\u0119biorstwa. Posiadaj\u0105c nasz system nie musicie Pa\u0144stwo zajmowa\u0107 si\u0119 przepisywaniem pomy\u0142ek w dokumentach, r\u0119cznym obliczaniem zu\u017cycia surowc\u00f3w, sumowaniem dokument\u00f3w dostaw i zwrot\u00f3w dla wystawienia dokument\u00f3w zbiorczych, nie musicie Pa\u0144stwo pami\u0119ta\u0107 kto zap\u0142aci\u0142 oraz komu nale\u017cy zap\u0142aci\u0107 &#8211; system sam przypomni Pa\u0144stwu o wszystkich szczeg\u00f3\u0142ach.<\/p>\n","protected":false},"excerpt":{"rendered":"<p>Przejmujemy si\u0119 tym co m\u00f3wisz, o czym my\u015blisz i czego potrzebujesz ! To tylko nasze motto. Jeste\u015bmy producentem Zintegrowanego Systemu Zarz\u0105dzania &#8222;AXEL&#8221;. Oprogramowanie to s\u0142u\u017cy do ksi\u0119gowo-materia\u0142owej obs\u0142ugi Waszej firmy. System zosta\u0142 oparty o procesy faktycznie wyst\u0119puj\u0105ce w piekarniach i cukierniach. Celem zastosowania naszego systemu jest zminimalizowanie czasu potrzebnego do [&hellip;]<\/p>\n","protected":false},"author":1,"featured_media":0,"parent":0,"menu_order":0,"comment_status":"closed","ping_status":"open","template":"","meta":[],"_links":{"self":[{"href":"https:\/\/www.axelfhu.com.pl\/index.php\/wp-json\/wp\/v2\/pages\/2"}],"collection":[{"href":"https:\/\/www.axelfhu.com.pl\/index.php\/wp-json\/wp\/v2\/pages"}],"about":[{"href":"https:\/\/www.axelfhu.com.pl\/index.php\/wp-json\/wp\/v2\/types\/page"}],"author":[{"embeddable":true,"href":"https:\/\/www.axelfhu.com.pl\/index.php\/wp-json\/wp\/v2\/users\/1"}],"replies":[{"embeddable":true,"href":"https:\/\/www.axelfhu.com.pl\/index.php\/wp-json\/wp\/v2\/comments?post=2"}],"version-history":[{"count":10,"href":"https:\/\/www.axelfhu.com.pl\/index.php\/wp-json\/wp\/v2\/pages\/2\/revisions"}],"predecessor-version":[{"id":584,"href":"https:\/\/www.axelfhu.com.pl\/index.php\/wp-json\/wp\/v2\/pages\/2\/revisions\/584"}],"wp:attachment":[{"href":"https:\/\/www.axelfhu.com.pl\/index.php\/wp-json\/wp\/v2\/media?parent=2"}],"curies":[{"name":"wp","href":"https:\/\/api.w.org\/{rel}","templated":true}]}}