{"id":319,"date":"2023-12-30T18:07:08","date_gmt":"2023-12-30T17:07:08","guid":{"rendered":"https:\/\/www.axelfhu.com.pl\/index.php\/faqs\/"},"modified":"2024-09-18T09:03:10","modified_gmt":"2024-09-18T08:03:10","slug":"faqs","status":"publish","type":"page","link":"https:\/\/www.axelfhu.com.pl\/index.php\/uaktualnienia\/faqs\/","title":{"rendered":"zmiany w programie"},"content":{"rendered":"\n<p><strong><a href=\"\/index.php\/uaktualnienia\/faqs\/poprawa-wyjatkow\/\" target=\"_blank\" rel=\"noreferrer noopener\">nowo\u015bci w programie<\/a><\/strong><\/p>\n\n\n\n<p><strong><a href=\"\/index.php\/uaktualnienia\/faqs\/poprawki\/\" target=\"_blank\" rel=\"noreferrer noopener\">poprawki wyj\u0105tk\u00f3w<\/a><\/strong><\/p>\n\n\n\n<p><\/p>\n","protected":false},"excerpt":{"rendered":"<p>nowo\u015bci w programie poprawki wyj\u0105tk\u00f3w<\/p>\n","protected":false},"author":1,"featured_media":0,"parent":14,"menu_order":19,"comment_status":"closed","ping_status":"closed","template":"page-templates\/template-fullwidth.php","meta":[],"_links":{"self":[{"href":"https:\/\/www.axelfhu.com.pl\/index.php\/wp-json\/wp\/v2\/pages\/319"}],"collection":[{"href":"https:\/\/www.axelfhu.com.pl\/index.php\/wp-json\/wp\/v2\/pages"}],"about":[{"href":"https:\/\/www.axelfhu.com.pl\/index.php\/wp-json\/wp\/v2\/types\/page"}],"author":[{"embeddable":true,"href":"https:\/\/www.axelfhu.com.pl\/index.php\/wp-json\/wp\/v2\/users\/1"}],"replies":[{"embeddable":true,"href":"https:\/\/www.axelfhu.com.pl\/index.php\/wp-json\/wp\/v2\/comments?post=319"}],"version-history":[{"count":11,"href":"https:\/\/www.axelfhu.com.pl\/index.php\/wp-json\/wp\/v2\/pages\/319\/revisions"}],"predecessor-version":[{"id":597,"href":"https:\/\/www.axelfhu.com.pl\/index.php\/wp-json\/wp\/v2\/pages\/319\/revisions\/597"}],"up":[{"embeddable":true,"href":"https:\/\/www.axelfhu.com.pl\/index.php\/wp-json\/wp\/v2\/pages\/14"}],"wp:attachment":[{"href":"https:\/\/www.axelfhu.com.pl\/index.php\/wp-json\/wp\/v2\/media?parent=319"}],"curies":[{"name":"wp","href":"https:\/\/api.w.org\/{rel}","templated":true}]}}