{"id":353,"date":"2023-12-30T21:34:31","date_gmt":"2023-12-30T20:34:31","guid":{"rendered":"https:\/\/www.axelfhu.com.pl\/?page_id=353"},"modified":"2024-01-03T15:03:35","modified_gmt":"2024-01-03T14:03:35","slug":"komunikaty","status":"publish","type":"page","link":"https:\/\/www.axelfhu.com.pl\/index.php\/komunikaty\/","title":{"rendered":"Komunikaty"},"content":{"rendered":"\n\t\t<div class=\"faq-accordion \" id=\"faq-accordion-1\" data-accordion-group data-conf=\"{&quot;single_open&quot;:&quot;true&quot;,&quot;transition_speed&quot;:300}\">\n\t\t\t\t\t\t\t<div data-accordion class=\"faq-main\">\n\t\t\t\t\t<div data-control class=\"faq-title\">\n\t\t\t\t\t\t<h4>droga do KSEF 2.0 , stan na marzec 2026<\/h4>\n\t\t\t\t\t<\/div>\n\t\t\t\t\t<div data-content>\n\t\t\t\t\t\t\t\t\t\t\t\t<div class=\"faq-content\">Droga do KSEF 2.0\u00a0 z AXEL \u2013 stan na 30.3.2026\r\n<ol>\r\n \t<li>wgra\u0107 now\u0105 wersj\u0119 axel (minimalnie wersja 2512) ( je\u015bli nie ma umowy to trzeba\u00a0 zam\u00f3wi\u0107 tak\u017ce aktualizacj\u0119 p\u0142atn\u0105 &#8211; mail na pomoc@axelfhu.com.pl z podaniem nip i pro\u015bb\u0105 o wycen\u0119)<\/li>\r\n \t<li>zakupi\u0107 modu\u0142 (965 N import 965 N export &#8211; je\u015bli potrzebujemy) (mail na pomoc@axelfhu.com.pl z podaniem nip i modu\u0142\u00f3w)<\/li>\r\n \t<li>za\u0142o\u017cy\u0107 konto KSeF na gov.pl. (zpfa(sp\u00f3\u0142ki) i potem nale\u017cy si\u0119 tam zalogowa\u0107 i nada\u0107 uprawnienia zgodnie z instrukcj\u0105 ministerstwa finans\u00f3w)<\/li>\r\n \t<li>wygenerowa\u0107 token (import\/export) oraz certyfikaty dla aplikacji axel<\/li>\r\n \t<li>wpisa\u0107 token do parametru programu pog511 (menu pomoc\/konfiguracja\/parametry programu &#8212; menu og\u00f3lne szukamy parametru pog511), trzeba by\u0107 zalogowanym jako administrator programu axel<\/li>\r\n \t<li>Je\u015bli mamy w parametrach widoczny parametr pog517 nale\u017cy ustawi\u0107 go na warto\u015b\u0107 1 trzeba by\u0107 zalogowanym jako administrator programu axel<\/li>\r\n<\/ol>\r\nSprzeda\u017c (export):\r\n<ol>\r\n \t<li>bardzo wa\u017cne aby wszyscy kt\u00f3rzy maj\u0105 miejsce odbioru inne ni\u017c siedziba firmy byli ustawionego tak \u017ce odbiorca ma przypisanego nabywce.<\/li>\r\n \t<li>Przy odbiorcy typu &#8211; szko\u0142a , przedszkole, wojsko, szko\u0142y, szpitale (UWAGA: OBECNIE MAJ\u0104 SWOJE NIPY INNE NI\u017b GMINA) kt\u00f3rych nabywc\u0105 jest samorz\u0105d , nale\u017cy zaznaczy\u0107 na zak\u0142adce ksef rola 8. w innych przypadkach nie trzeba niczego zaznacza\u0107 w tym polu<\/li>\r\n \t<li>Je\u015bli wsp\u00f3\u0142pracujemy z popularnymi sieciami program ma zaszyte wymagania o jakie poprosili pod nipami , ale nale\u017cy zwr\u00f3\u0107 uwag\u0119 na uzupe\u0142nienie kilku parametr\u00f3w &#8211; jak ILN\/GLN (zak\u0142adka pierwsza w odbiorcy\/nabywcy) , kod sklepu\/dostawcy (zak\u0142adka inne &#8211; parametr 37), id_wewn\u0119trzne (zak\u0142adka ksef &#8211; par 1403), wa\u017cne te\u017c s\u0105 kody asortymentu<\/li>\r\n \t<li>Kody asortyment\u00f3w &#8211; je\u015bli dostawca \u017cyczy sobie aby zamianst naszych indeks\u00f3w by\u0142y jego to nale\u017cy wykona\u0107 nast\u0119puj\u0105ce czynno\u015bci :\r\n<ol>\r\n \t<li>wej\u015b\u0107 do kartoteka asortymentu (menu kartoteki \/ asortyment\/produkty)<\/li>\r\n \t<li>z menu zmiany na li\u015bcie wybra\u0107 &#8211; kod asortymentu<\/li>\r\n \t<li>nale\u017cy wybra\u0107 woln\u0105 grup\u0119 kod\u00f3w ( najwy\u017cszy\/ostatni numer &#8211; z kreskami)<\/li>\r\n \t<li>po lewej stronie nale\u017cy wy\u0142aczy\u0107 , poka\u017c tylko wpisane<\/li>\r\n \t<li>pojawi si\u0119 lista asortyment\u00f3w<\/li>\r\n \t<li>nale\u017cy w kolumnie ean wpisa\u0107 ean&#8217;y klienta , w kolumnie kod.<\/li>\r\n \t<li>Naciskamy zapisz<\/li>\r\n \t<li>po wpisaniu kod\u00f3w trzeba przypisa\u0107 te kody do odbiorcy\u00a0 &#8211; wchodzimy w menu kartoteki\/ kontrahenci \/ odbiorcy , klikamy popraw i na zak\u0142adce inne wybieramy opcje '3.Nr kodu na FVAT, FKor, DD, DZ, Paragon, RW, PW&#8217; , wskazuj\u0105c numer w kt\u00f3ry wpisali\u015bmy nasze kody dla tego klienta.<\/li>\r\n<\/ol>\r\n<\/li>\r\n \t<li>Je\u015bli dostaniemy komunikat o braku uprawnie\u0144 do wysy\u0142ki (uprawnie\u0144 wewn\u0119trznych w axel) nale\u017cy sobie to uprawnienie nada\u0107 &#8211; program pisze jakiego uprawnienia brakuje &#8211; menu pomoc \\konfiguracja \\parametru u\u017cytkownika, trzeba by\u0107 zalogowanym jako administrator programu axel<\/li>\r\n \t<li>po pomy\u015blnym wys\u0142aniu dokument\u00f3w za pomoc\u0105 klawisza wy\u015blij do ksef w fakturach i korektach , mo\u017cna w\u0142aczy\u0107 parametr psp1196 okre\u015blaj\u0105c godzin\u0119 wysy\u0142ki faktur do ksef\u00a0 ( np godzina 14) , oznacza to \u017ce od podanej godziny program wy\u015ble dokumenty ( 15 minut od ich wystawienia) , tak \u017ce nie trzeba si\u0119 ju\u017c tym zajmowa\u0107. nale\u017cy jednak sprawdzi\u0107 nast\u0119pnego dnia czy wszystkie si\u0119 wys\u0142a\u0142y i je\u015bli si\u0119 nie wys\u0142a\u0142y spr\u00f3bowa\u0107 wysy\u0142a\u0107 to za pomoc\u0105 klawisza wy\u015blij do ksef. Aby parametr zadzia\u0142a\u0142 musz\u0105 pracowa\u0107 tzw serwerki &#8211; na serwerze lub stanowisku ( tylko na jednym komputerze ) , serwerki na stanowisku mo\u017cna w\u0142aczyc przez menu pomoc\\konfiguracja \\ parametry stanowiska &#8211; w\u0142\u0105cz serwerki przy uchybianiu programu g\u0142\u00f3wnego.<\/li>\r\n \t<li>Je\u015bli chcemy skorygowa\u0107 dane adresowe i inne dane poza nip ,to wysy\u0142amy ( po poprawieniu danych z zapisaniem historii zmian w kartotece) ,\u00a0 pust\u0105 korekt\u0119. w przypadku zmiany nip &#8211; nale\u017cy skorygowa\u0107 dokument do zera i wystawi\u0107 go ponownie.<\/li>\r\n \t<li>Je\u015bli korzystamy z automatu KSEF to nie wysy\u0142a on korekt do faktur wystawionych po 1.4 b\u0119d\u0105cych po ksef &#8211; takie nale\u017cy klikn\u0105\u0107 r\u0119cznie, i potwierdzi\u0107 \u017ce chcemy tak to wys\u0142a\u0107 po pytaniu : Korekta do faktury spoza ksef. Przerwa\u0107 ? , da\u0107 nie.<\/li>\r\n \t<li>Je\u015bli na dokumentach zbiorczych ksef data ko\u0144cowa sprzeda\u017cy jest z\u0142a to prosimy o w\u0142\u0105czenie parametru psp324\u00a0 (menu pomoc\/konfiguracja\/parametry programu &#8212; menu og\u00f3lne szukamy parametru psp324)<\/li>\r\n \t<li>W przypadku kiedy program przy wysy\u0142ce do ksef da informacje od serwera ksef o braku regon&#8217;u lub kodu kraju\u00a0 nale\u017cy wej\u015b\u0107 w parametry programu i uzupe\u0142ni\u0107 dane w\u0142a\u015bciciela o brakuj\u0105ce dane<\/li>\r\n \t<li>Je\u015bli dostaniemy b\u0142\u0105d 429 nale\u017cy odczeka\u0107 zadany czas i wtedy ponowi\u0107 wysy\u0142k\u0119. s\u0105 to ograniczenia narzucone przez ksef.<\/li>\r\n<\/ol>\r\nZakupy (Import):\r\n<ol>\r\n \t<li>program b\u0119dzie odbiera\u0107 dokumenty zakupu i importowa\u0107 je do dokument\u00f3w zakupu lub korekt zakupu, chyba \u017ce w\u0142\u0105czymy parametr pza064 , wtedy zostan\u0105 w buforze i mo\u017cna je samemu zatwierdza\u0107.<\/li>\r\n \t<li>Program domy\u015blnie importuje wszystko jako jeden asortyment i potem nale\u017cy nauczy\u0107 program jakie kartoteki to s\u0105 (powi\u0105za\u0107 z naszymi)_ , tak aby za nast\u0119pnym dokumentem program ju\u017c je sam \u0142\u0105czy\u0142.<\/li>\r\n \t<li>Je\u015bli z jakiego\u015b powodu chcemy ponownie zaimportowa\u0107 dokument z ksef &#8211; wystarczy go usun\u0105\u0107 i na pytanie 'czy ponownie nie importowa\u0107 &#8217; odpowiedzie\u0107 NIE. po chwili znajdzie si\u0119 w buforze lub si\u0119 ponownie zaimportuje do dokument\u00f3w.<\/li>\r\n \t<li>Je\u015bli chcemy importowa\u0107 wy\u0142\u0105cznie dokumenty dla danego id_wewn\u0119trzengo nale\u017cy wpisa\u0107 id wewn\u0119trzne w parametr pza063 , parametr pza065 pomo\u017ce je\u015bli chcemy pewne dokumenty importowa\u0107 na oddziale\/sklepie a ich nie importowa\u0107 na central\u0119.<\/li>\r\n \t<li>Program domy\u015blnie importuje na centrali dokumenty zakupu i korekty , na oddzia\u0142ach importuje je jako pz\/wz ( chyba \u017ce w\u0142\u0105czono pza pza068,pza069)<\/li>\r\n \t<li>Je\u015bli chcemy korzysta\u0107 z tzw obiegu dokument\u00f3w &#8211; czyli rozdzielania dokument\u00f3w po dzia\u0142ach \/ osobach &#8211; to prosimy um\u00f3wi\u0107 si\u0119 na kr\u00f3tkie szkolenie.<\/li>\r\n \t<li>S\u0142owniki konfiguracyjne importu znajduj\u0105 si\u0119 w kartoteki \\konfiguracja \\ s\u0142owniki \\\u00a0 \u00a0zak\u0142adki import aso i import dok.<\/li>\r\n \t<li>W s\u0142ownikach da si\u0119 ustawi\u0107 import jako jedna pozycja &#8211; wa\u017cne dla takich faktur jak Tauron, myOrlen, Enea.<\/li>\r\n \t<li>Program odczytuje rejestracje i \u0142\u0105czy zgodnie z kartotek\u0105 pojazd\u00f3w, prosze sprawdzi\u0107 spacje w rejestracjach ( maj\u0105 mie\u0107 7 znak\u00f3w)<\/li>\r\n \t<li>Wszystkie dokumenty zaimportowane s\u0105 domy\u015blnie nie magazynowe !\u00a0 (mo\u017cna to zmieni\u0107 w s\u0142ownikach import dok, dla konkretnego klienta lub id_wew )<\/li>\r\n \t<li>Importy warunkowe dla id-wewn\u0119trznego ustawiamy w s\u0142ownikach import dok.<\/li>\r\n \t<li>Je\u015bli jaki\u015b dokument nie chce si\u0119 zaimportowa\u0107 do programu ( zosta\u0142 w buforze &#8211; daje komunikaty o b\u0142edzie) , nale\u017cy dostarczy\u0107 do firmy axel plik xml z tym dokumentem w celu analizy &#8211; taka sytuacja mo\u017ce si\u0119 zdarzy\u0107 nie tylko na pocz\u0105tku pracy ale zawsze &#8211; dlatego \u017ce format ksef ma bardzo du\u017ce mo\u017cliwo\u015bci i w ka\u017cdym momencie programi\u015bci mog\u0105 zmieni\u0107 spos\u00f3b dzia\u0142ania swoich program\u00f3w co wp\u0142ywa na zmian\u0119 mo\u017cliwo\u015bci prawid\u0142owej interpretacji ich dzia\u0142a\u0144.<\/li>\r\n \t<li>Je\u015bli nie masz dokument\u00f3w w ksef a musisz zap\u0142aci\u0107 &#8211; wprowad\u017a go &#8222;po staremu&#8221; , po powrocie us\u0142ugi program po\u0142\u0105czy ten dokument z tym z ksef &#8211; (po nip+numer), i wpisze numer ksef do niego.<\/li>\r\n \t<li>W przypadku kiedy program podczas pobierania z ksef da informacj\u0119 o b\u0142\u0119dzie 429 nale\u017cy odczeka\u0107 zadana ilo\u015b\u0107 sekund &#8211; zgodnie z komunikatem i\u00a0 wtedy ponowi\u0107 pobieranie . Program najpierw pobiera dane do bufora &#8211; list\u0119 faktur. potem dopiero pobiera dane o pozycjach faktury, ale to jest ograniczone limitami zadanymi przez ksef. wic nale\u017cy uzbroi\u0107 si\u0119 cierpliwo\u015b\u0107.<\/li>\r\n<\/ol>\r\nUwagi:\r\n<ol>\r\n \t<li>stanowiska wymagaj\u0105 .Net 4.8 do wysy\u0142ania dokument\u00f3w i podgl\u0105du<\/li>\r\n<\/ol><\/div>\n\t\t\t\t\t<\/div>\n\t\t\t\t<\/div>\n\t\t\t\t\t\t\t<div data-accordion class=\"faq-main\">\n\t\t\t\t\t<div data-control class=\"faq-title\">\n\t\t\t\t\t\t<h4>ZMIANA STAWEK VAT OD 1.4.2024, jak to wykona\u0107 ?<\/h4>\n\t\t\t\t\t<\/div>\n\t\t\t\t\t<div data-content>\n\t\t\t\t\t\t<img width=\"106\" height=\"150\" src=\"https:\/\/www.axelfhu.com.pl\/wp-content\/uploads\/2024\/03\/Zmiana-stawek-vat-pdf-106x150.jpg\" class=\"attachment-thumbnail size-thumbnail wp-post-image\" alt=\"\" decoding=\"async\" loading=\"lazy\" \/>\t\t\t\t\t\t<div class=\"faq-content\"><p>prosze zapozna\u0107 si\u0119 z dokumentem\u00a0<a href=\"https:\/\/www.axelfhu.com.pl\/dta\/zmiana%20stawek%20vat.pdf\">https:\/\/www.axelfhu.com.pl\/dta\/zmiana%20stawek%20vat.pdf<\/a><\/p>\n<\/div>\n\t\t\t\t\t<\/div>\n\t\t\t\t<\/div>\n\t\t\t\t\t\t\t<div data-accordion class=\"faq-main\">\n\t\t\t\t\t<div data-control class=\"faq-title\">\n\t\t\t\t\t\t<h4>od wersji 2403, dodano komunikat informuj\u0105cy o zmianie stosowania ulgi<\/h4>\n\t\t\t\t\t<\/div>\n\t\t\t\t\t<div data-content>\n\t\t\t\t\t\t\t\t\t\t\t\t<div class=\"faq-content\"><p>Dodano komunikat informuj\u0105cy o zmianie stosowania ulgi oraz koszt\u00f3w uzyskania w przypadku, wyp\u0142aty w dniach po ustaniu umowy.<\/p>\n<\/div>\n\t\t\t\t\t<\/div>\n\t\t\t\t<\/div>\n\t\t\t\t\t\t\t<div data-accordion class=\"faq-main\">\n\t\t\t\t\t<div data-control class=\"faq-title\">\n\t\t\t\t\t\t<h4>Od wersji 2403, Kadry, Ulga przy umowie zleceniu<\/h4>\n\t\t\t\t\t<\/div>\n\t\t\t\t\t<div data-content>\n\t\t\t\t\t\t\t\t\t\t\t\t<div class=\"faq-content\"><p>Domy\u015blnie dla zleceniobiorc\u00f3w, po naci\u015bni\u0119ciu\u00a0 nowy\u00a0 w danych innych ulga podatkowa ustawi si\u0119 na brak. Aby unikn\u0105\u0107 b\u0142\u0119d\u00f3w w stosowaniu dla dodatkowych um\u00f3w cywilnych.<\/p>\n<\/div>\n\t\t\t\t\t<\/div>\n\t\t\t\t<\/div>\n\t\t\t\t\t\t\t<div data-accordion class=\"faq-main\">\n\t\t\t\t\t<div data-control class=\"faq-title\">\n\t\t\t\t\t\t<h4>Aktualizacja parametr\u00f3w p\u0142acowych<\/h4>\n\t\t\t\t\t<\/div>\n\t\t\t\t\t<div data-content>\n\t\t\t\t\t\t\t\t\t\t\t\t<div class=\"faq-content\"><p>Zaktualizowano parametry p\u0142acowe<\/p>\n<table width=\"476\">\n<tbody>\n<tr>\n<td width=\"119\">4<\/td>\n<td width=\"119\">Minimalne stawki uczni\u00f3w I rok nauki<\/td>\n<td width=\"119\">2024-03-01<\/td>\n<td width=\"119\">603,23<\/td>\n<\/tr>\n<tr>\n<td>5<\/td>\n<td>Minimalne stawki uczni\u00f3w II rok nauki<\/td>\n<td>2024-03-01<\/td>\n<td>678,63<\/td>\n<\/tr>\n<tr>\n<td>6<\/td>\n<td>Minimalne stawki uczni\u00f3w III rok nauki<\/td>\n<td>2024-03-01<\/td>\n<td>754,04<\/td>\n<\/tr>\n<tr>\n<td>70<\/td>\n<td>Najni\u017csza emerytura<\/td>\n<td>2024-03-01<\/td>\n<td>1780,96<\/td>\n<\/tr>\n<tr>\n<td>51<\/td>\n<td>\u015arednia krajowa<\/td>\n<td>2024-03-01<\/td>\n<td>7540,36<\/td>\n<\/tr>\n<tr>\n<td>52<\/td>\n<td>\u015arednia krajowa z wyp\u0142atami z zysku<\/td>\n<td>2024-01-01<\/td>\n<td>7767,85<\/td>\n<\/tr>\n<tr>\n<td>61<\/td>\n<td>Wska\u017anik waloryzacji podstawy wymiaru zasi\u0142ku chorobowego<\/td>\n<td>2024-04-01<\/td>\n<td>107,6<\/td>\n<\/tr>\n<\/tbody>\n<\/table>\n<p>Podane parametry,\u00a0 mo\u017cna zaktualizowa\u0107 poprzez\u00a0 pobranie uprawnie\u0144.<br \/>\nPo pobraniu uprawnie\u0144 wej\u015b\u0107 w menu Kadry i P\u0142ace -&gt; konfiguracja\u00a0 -&gt; S\u0142owniki p\u0142acowe -&gt; menu: parametry p\u0142acowe. Je\u015bli po wgraniu uprawnie\u0144 nie b\u0119d\u0105 aktualne nale\u017cy nacisn\u0105\u0107 przycisk &#8222;Aktualizuj parametry&#8221;<\/p>\n<\/div>\n\t\t\t\t\t<\/div>\n\t\t\t\t<\/div>\n\t\t\t\t\t\t\t<div data-accordion class=\"faq-main\">\n\t\t\t\t\t<div data-control class=\"faq-title\">\n\t\t\t\t\t\t<h4>Axel gotowy na ksef<\/h4>\n\t\t\t\t\t<\/div>\n\t\t\t\t\t<div data-content>\n\t\t\t\t\t\t\t\t\t\t\t\t<div class=\"faq-content\"><p>Program axel zosta\u0142 prze\u0142\u0105czony na \u015brodowisko demonstracyjne w ksef. prze\u0142aczenie na stanowisko produkcyjne nast\u0105pi automatycznie 1.VII.2024.<\/p>\n<\/div>\n\t\t\t\t\t<\/div>\n\t\t\t\t<\/div>\n\t\t\t\t\t\t\t<div data-accordion class=\"faq-main\">\n\t\t\t\t\t<div data-control class=\"faq-title\">\n\t\t\t\t\t\t<h4>ksef licencja<\/h4>\n\t\t\t\t\t<\/div>\n\t\t\t\t\t<div data-content>\n\t\t\t\t\t\t\t\t\t\t\t\t<div class=\"faq-content\"><p>program w ramach wersji (potrzeba mie\u0107 aktualizacj\u0119 do wersji przynajmniej 2312) generuje pliki ksef w xml i mozna je sobie wci\u0105gn\u0105\u0107 do serwera ministerstwa.<\/p>\n<p>jak chcemy \u017ceby program tez wysy\u0142a\u0142 to trzeba kupi\u0107\u00a0modu\u0142 ksef online za 920 Netto<\/p>\n<\/div>\n\t\t\t\t\t<\/div>\n\t\t\t\t<\/div>\n\t\t\t\t\t<\/div>\n\t\n","protected":false},"excerpt":{"rendered":"","protected":false},"author":1,"featured_media":0,"parent":0,"menu_order":0,"comment_status":"closed","ping_status":"closed","template":"page-templates\/template-fullwidth.php","meta":[],"_links":{"self":[{"href":"https:\/\/www.axelfhu.com.pl\/index.php\/wp-json\/wp\/v2\/pages\/353"}],"collection":[{"href":"https:\/\/www.axelfhu.com.pl\/index.php\/wp-json\/wp\/v2\/pages"}],"about":[{"href":"https:\/\/www.axelfhu.com.pl\/index.php\/wp-json\/wp\/v2\/types\/page"}],"author":[{"embeddable":true,"href":"https:\/\/www.axelfhu.com.pl\/index.php\/wp-json\/wp\/v2\/users\/1"}],"replies":[{"embeddable":true,"href":"https:\/\/www.axelfhu.com.pl\/index.php\/wp-json\/wp\/v2\/comments?post=353"}],"version-history":[{"count":2,"href":"https:\/\/www.axelfhu.com.pl\/index.php\/wp-json\/wp\/v2\/pages\/353\/revisions"}],"predecessor-version":[{"id":446,"href":"https:\/\/www.axelfhu.com.pl\/index.php\/wp-json\/wp\/v2\/pages\/353\/revisions\/446"}],"wp:attachment":[{"href":"https:\/\/www.axelfhu.com.pl\/index.php\/wp-json\/wp\/v2\/media?parent=353"}],"curies":[{"name":"wp","href":"https:\/\/api.w.org\/{rel}","templated":true}]}}