{"id":451,"date":"2024-01-03T16:00:23","date_gmt":"2024-01-03T15:00:23","guid":{"rendered":"https:\/\/www.axelfhu.com.pl\/?page_id=451"},"modified":"2024-01-03T16:08:05","modified_gmt":"2024-01-03T15:08:05","slug":"poprawki","status":"publish","type":"page","link":"https:\/\/www.axelfhu.com.pl\/index.php\/uaktualnienia\/faqs\/poprawki\/","title":{"rendered":"Poprawki wyj\u0105tk\u00f3w"},"content":{"rendered":"\n\t\t<div class=\"faq-accordion \" id=\"faq-accordion-1\" data-accordion-group data-conf=\"{&quot;single_open&quot;:&quot;true&quot;,&quot;transition_speed&quot;:300}\">\n\t\t\t\t\t\t\t<div data-accordion class=\"faq-main\">\n\t\t\t\t\t<div data-control class=\"faq-title\">\n\t\t\t\t\t\t<h4>od wersji 2312,2403 Kasa novitus , komunikacja z kas\u0105, opcja 1, komunikat : The column name &#8222;ACT_SALE&#8221; is specified more than once<\/h4>\n\t\t\t\t\t<\/div>\n\t\t\t\t\t<div data-content>\n\t\t\t\t\t\t\t\t\t\t\t\t<div class=\"faq-content\">Poprawiono komunikat w opcji importu towar\u00f3w dla kas novitus.<\/div>\n\t\t\t\t\t<\/div>\n\t\t\t\t<\/div>\n\t\t\t\t\t\t\t<div data-accordion class=\"faq-main\">\n\t\t\t\t\t<div data-control class=\"faq-title\">\n\t\t\t\t\t\t<h4>od wersji 2312,2403 Deklaracje sprawozdawczo\u015b\u0107, Pit 11, pole 111<\/h4>\n\t\t\t\t\t<\/div>\n\t\t\t\t\t<div data-content>\n\t\t\t\t\t\t\t\t\t\t\t\t<div class=\"faq-content\"><p>Poszerzono konfiguracje pobierania pola warto\u015bci dla pola (111) , w przypadku usuni\u0119tych danych innych pracownika.<\/p>\n<\/div>\n\t\t\t\t\t<\/div>\n\t\t\t\t<\/div>\n\t\t\t\t\t\t\t<div data-accordion class=\"faq-main\">\n\t\t\t\t\t<div data-control class=\"faq-title\">\n\t\t\t\t\t\t<h4>od wersji 2312, P\u0142ace, sprawozdawczo\u015b\u0107, PIT4r, dodano mo\u017cliwo\u015b\u0107 podpisania przychodem<\/h4>\n\t\t\t\t\t<\/div>\n\t\t\t\t\t<div data-content>\n\t\t\t\t\t\t\t\t\t\t\t\t<div class=\"faq-content\"><p>Nale\u017cy zaktualizowa\u0107 program do bie\u017c\u0105cej wersji.<\/p>\n<p>Dotyczy to p\u0142atnik\u00f3w, kt\u00f3rzy s\u0105 osobami fizycznymi.<\/p>\n<p>Przych\u00f3d wprowadzamy w : Menu Kadry i p\u0142ace-&gt; Konfiguracja -&gt; S\u0142owniki p\u0142acowe Menu parametry p\u0142acowe,\u00a0 Pozycja o indeksie 83:<br \/>\n&#8222;83 % Kwota u\u017cyta do autoryzacji deklaracji podatkowych&#8221;, Kwota musi by\u0107 wpisana od pocz\u0105tku roku za kt\u00f3ry wysy\u0142amy deklaracj\u0119.<\/p>\n<p>&nbsp;<\/p>\n<\/div>\n\t\t\t\t\t<\/div>\n\t\t\t\t<\/div>\n\t\t\t\t\t\t\t<div data-accordion class=\"faq-main\">\n\t\t\t\t\t<div data-control class=\"faq-title\">\n\t\t\t\t\t\t<h4>Od wersji 2312, Ksi\u0119gowo\u015b\u0107, Sprawozdawczo\u015b\u0107 JPK nie mo\u017cna pobra\u0107 UPO JPK<\/h4>\n\t\t\t\t\t<\/div>\n\t\t\t\t\t<div data-content>\n\t\t\t\t\t\t\t\t\t\t\t\t<div class=\"faq-content\"><p>Wyskakuje komunikat o braku mo\u017cliwo\u015bci za\u0142adowania biblioteki .DLL<\/p>\n<p>Nale\u017cy zaktualizowa\u0107 program do bie\u017c\u0105cej wersji..<\/p>\n<\/div>\n\t\t\t\t\t<\/div>\n\t\t\t\t<\/div>\n\t\t\t\t\t\t\t<div data-accordion class=\"faq-main\">\n\t\t\t\t\t<div data-control class=\"faq-title\">\n\t\t\t\t\t\t<h4>Od wersji 2312, P\u0142ace, Deklaracje poprawiono opcje pobierania liczby podatnik\u00f3w PIT4\/PIT4r<\/h4>\n\t\t\t\t\t<\/div>\n\t\t\t\t\t<div data-content>\n\t\t\t\t\t\t\t\t\t\t\t\t<div class=\"faq-content\"><p>Domy\u015blnie wsz\u0119dzie pobiera liczb\u0119 podatnik\u00f3w po liczbie pobranych zaliczek.<br \/>\n(Dodano parametr PP\u0141123, kt\u00f3ry zmienia opcje pobierania na wyst\u0105pienia pracownika, je\u015bli nie jest zaznaczony na tak sprawdza ilo\u015b\u0107 pracownik\u00f3w\u00a0 po zaliczkach)<\/p>\n<\/div>\n\t\t\t\t\t<\/div>\n\t\t\t\t<\/div>\n\t\t\t\t\t\t\t<div data-accordion class=\"faq-main\">\n\t\t\t\t\t<div data-control class=\"faq-title\">\n\t\t\t\t\t\t<h4>Od wersji 2312, P\u0142ace, Deklaracje PIT8AR, po przyci\u015bni\u0119ciu popraw\/poka\u017c nic si\u0119 nie dzieje.<\/h4>\n\t\t\t\t\t<\/div>\n\t\t\t\t\t<div data-content>\n\t\t\t\t\t\t\t\t\t\t\t\t<div class=\"faq-content\"><p>Nale\u017cy pobra\u0107 aktualizacj\u0119 do bie\u017c\u0105cej wersji<\/p>\n<\/div>\n\t\t\t\t\t<\/div>\n\t\t\t\t<\/div>\n\t\t\t\t\t\t\t<div data-accordion class=\"faq-main\">\n\t\t\t\t\t<div data-control class=\"faq-title\">\n\t\t\t\t\t\t<h4>Od wersji 2312, P\u0142ace, Deklaracje PIT8AR, nie generuje si\u0119 wersja 13.<\/h4>\n\t\t\t\t\t<\/div>\n\t\t\t\t\t<div data-content>\n\t\t\t\t\t\t\t\t\t\t\t\t<div class=\"faq-content\"><p>Zmieniono konfiguracj\u0119 generacji PIT8AR.<\/p>\n<p>Po wgraniu aktualizacji do bie\u017c\u0105cej wersji, po wybraniu roku generowanej deklaracji wygeneruje si\u0119\u00a0 wz\u00f3r PIT8AR w wersji 13 .<\/p>\n<\/div>\n\t\t\t\t\t<\/div>\n\t\t\t\t<\/div>\n\t\t\t\t\t\t\t<div data-accordion class=\"faq-main\">\n\t\t\t\t\t<div data-control class=\"faq-title\">\n\t\t\t\t\t\t<h4>Od wersji 2312 P\u0142ace, PIT11, Komunikat: Niezgodny przychod UP<\/h4>\n\t\t\t\t\t<\/div>\n\t\t\t\t\t<div data-content>\n\t\t\t\t\t\t\t\t\t\t\t\t<div class=\"faq-content\"><p>Poprawiono pobieranie przychodu na PIT -11, w przypadkach os\u00f3b zakwalifikowanych jako seniorzy.<br \/>\nNale\u017cy wgra\u0107 aktualizacj\u0119 do bie\u017c\u0105cej\u00a0 wersji, nast\u0119pnie ustawi\u0107 si\u0119 na deklaracji, na kt\u00f3rej wyst\u0105pi\u0142 b\u0142\u0105d. Poprawi\u0107. Pobra\u0107 dane poprzez naci\u015bni\u0119cie przycisku pobierz, przeliczy\u0107 dane poprzez naci\u015bniecie przycisku przelicz.<br \/>\nInn\u0105 opcj\u0105 jest usuniecie deklaracji i ponowne jej wygenerowanie.<\/p>\n<\/div>\n\t\t\t\t\t<\/div>\n\t\t\t\t<\/div>\n\t\t\t\t\t\t\t<div data-accordion class=\"faq-main\">\n\t\t\t\t\t<div data-control class=\"faq-title\">\n\t\t\t\t\t\t<h4>od wersji 2312, P\u0142ace Kwota wolna (ulga) i koszty uzyskania przychodu po rozwi\u0105zaniu umowy<\/h4>\n\t\t\t\t\t<\/div>\n\t\t\t\t\t<div data-content>\n\t\t\t\t\t\t\t\t\t\t\t\t<div class=\"faq-content\"><p>W przypadku wyp\u0142at wyp\u0142acanych ju\u017c po rozwi\u0105zaniu umowy, wy\u0142\u0105czono liczenie ulgi (wynikaj\u0105cej z kwoty wolnej od podatku)\u00a0 oraz ustawiono automatyczne prze\u0142\u0105czenie koszt\u00f3w uzyskania przychod\u00f3w z podwy\u017cszonych na zwyk\u0142e.<\/p>\n<\/div>\n\t\t\t\t\t<\/div>\n\t\t\t\t<\/div>\n\t\t\t\t\t\t\t<div data-accordion class=\"faq-main\">\n\t\t\t\t\t<div data-control class=\"faq-title\">\n\t\t\t\t\t\t<h4>od wersji 2312, Kadry P\u0142ace, P\u0142ace, podstawa chorobowego Stawka Miesi\u0119czna (np. uczniowska)<\/h4>\n\t\t\t\t\t<\/div>\n\t\t\t\t\t<div data-content>\n\t\t\t\t\t\t\t\t\t\t\t\t<div class=\"faq-content\"><p>Przy liczeniu podstawy chorobowego wed\u0142ug stawki sta\u0142ej , w miesi\u0105cu podstawy, w kt\u00f3rym by\u0142a korekta wylicza\u0142 warto\u015bci sk\u0142adnik\u00f3w zmiennych, a wg opcji sk\u0142adnik\u00f3w sta\u0142ych nie powinien\u00a0 \u00a0&#8211; poprawiono pobieranie sk\u0142adnik\u00f3w zmiennych w tego typu przypadkach.<\/p>\n<\/div>\n\t\t\t\t\t<\/div>\n\t\t\t\t<\/div>\n\t\t\t\t\t\t\t<div data-accordion class=\"faq-main\">\n\t\t\t\t\t<div data-control class=\"faq-title\">\n\t\t\t\t\t\t<h4>od wersji 2312, zmiany w Kadry, P\u0142ace, Urlop Si\u0142a wy\u017csza (3501)<\/h4>\n\t\t\t\t\t<\/div>\n\t\t\t\t\t<div data-content>\n\t\t\t\t\t\t\t\t\t\t\t\t<div class=\"faq-content\"><p>Zablokowano generacje do RSA<\/p>\n<\/div>\n\t\t\t\t\t<\/div>\n\t\t\t\t<\/div>\n\t\t\t\t\t\t\t<div data-accordion class=\"faq-main\">\n\t\t\t\t\t<div data-control class=\"faq-title\">\n\t\t\t\t\t\t<h4>od wersji 2312, zmiana w  generacji dla eksportu korekt EDI\/ECOD<\/h4>\n\t\t\t\t\t<\/div>\n\t\t\t\t\t<div data-content>\n\t\t\t\t\t\t\t\t\t\t\t\t<div class=\"faq-content\"><p>Usuni\u0119to przy generacji korekt linie &lt;TAXABLEBASIS&gt;<\/p>\n<\/div>\n\t\t\t\t\t<\/div>\n\t\t\t\t<\/div>\n\t\t\t\t\t\t\t<div data-accordion class=\"faq-main\">\n\t\t\t\t\t<div data-control class=\"faq-title\">\n\t\t\t\t\t\t<h4>poprawki 2312<\/h4>\n\t\t\t\t\t<\/div>\n\t\t\t\t\t<div data-content>\n\t\t\t\t\t\t\t\t\t\t\t\t<div class=\"faq-content\"><p>-poprawiono import ecod<\/p>\n<p>-poprawiono szeroko\u015bc kolumn w pos (rabat)<\/p>\n<p>-poprawiono wystawianie faktur zaliczkowych z proform.<\/p>\n<p>-poprawiono ksi\u0119gowanie inwetarzyacji sklepowych w kh<\/p>\n<p>-poprawiono wyb\u00f3r daty przy zam\u00f3wieniach z centrali na pos<\/p>\n<p>-poprawiono psp1103 &#8211; obliczenie daty przesuni\u0119cia<\/p>\n<p>&nbsp;<\/p>\n<\/div>\n\t\t\t\t\t<\/div>\n\t\t\t\t<\/div>\n\t\t\t\t\t\t\t<div data-accordion class=\"faq-main\">\n\t\t\t\t\t<div data-control class=\"faq-title\">\n\t\t\t\t\t\t<h4>poprawki kadry rp7<\/h4>\n\t\t\t\t\t<\/div>\n\t\t\t\t\t<div data-content>\n\t\t\t\t\t\t\t\t\t\t\t\t<div class=\"faq-content\"><p>2023-11-03 2309,2312 &#8211; zmieniono form\u0119 RP7 (wydruk za\u0142\u0105cznika) drukuje szybciej ale bardziej ograniczony<\/p>\n<\/div>\n\t\t\t\t\t<\/div>\n\t\t\t\t<\/div>\n\t\t\t\t\t\t\t<div data-accordion class=\"faq-main\">\n\t\t\t\t\t<div data-control class=\"faq-title\">\n\t\t\t\t\t\t<h4>poprawki exporty<\/h4>\n\t\t\t\t\t<\/div>\n\t\t\t\t\t<div data-content>\n\t\t\t\t\t\t\t\t\t\t\t\t<div class=\"faq-content\"><p>2023-11-03 2309,2312 -Eksport do RAI , poprawiono komunikat o braku mo\u017cliwo\u015bci za\u0142o\u017cenie lindeksu na kolumn\u0119 lancz_w<\/p>\n<\/div>\n\t\t\t\t\t<\/div>\n\t\t\t\t<\/div>\n\t\t\t\t\t\t\t<div data-accordion class=\"faq-main\">\n\t\t\t\t\t<div data-control class=\"faq-title\">\n\t\t\t\t\t\t<h4>poprawka ppk (kadry)<\/h4>\n\t\t\t\t\t<\/div>\n\t\t\t\t\t<div data-content>\n\t\t\t\t\t\t\t\t\t\t\t\t<div class=\"faq-content\"><p>2023-11-17 2309, 2312 Poprawiono anulowanie zdarze\u0144 ppk, sprawdza czy nie ma juz takiego samego zdarzenia anulowanego, prawid\u0142owo wy\u015bwietla s\u0142owo tak (w prawid\u0142owej kolumnie), nie wysypuje si\u0119 przy obliczeniu<\/p>\n<\/div>\n\t\t\t\t\t<\/div>\n\t\t\t\t<\/div>\n\t\t\t\t\t\t\t<div data-accordion class=\"faq-main\">\n\t\t\t\t\t<div data-control class=\"faq-title\">\n\t\t\t\t\t\t<h4>poprawki kadry- \u015bwiadectwa<\/h4>\n\t\t\t\t\t<\/div>\n\t\t\t\t\t<div data-content>\n\t\t\t\t\t\t\t\t\t\t\t\t<div class=\"faq-content\"><p>2023-11-29 2312,2309,2303 Poprawiono pobieranie si\u0142y wy\u017cszej i urlopu opieku\u0144czego do \u015bwiadectwa prac<\/p>\n<\/div>\n\t\t\t\t\t<\/div>\n\t\t\t\t<\/div>\n\t\t\t\t\t\t\t<div data-accordion class=\"faq-main\">\n\t\t\t\t\t<div data-control class=\"faq-title\">\n\t\t\t\t\t\t<h4>poprawka wydruku pdf<\/h4>\n\t\t\t\t\t<\/div>\n\t\t\t\t\t<div data-content>\n\t\t\t\t\t\t\t\t\t\t\t\t<div class=\"faq-content\"><p>2023-12-06 2312,2309 Poprawiono wydruk do drukarki PDF, dodano przesuniecie linii je\u015bli nie ma \u017cadnego przesuni\u0119cia, lub przesuniecie o tyle linii jak w ustawieniu na drukarce)<\/p>\n<\/div>\n\t\t\t\t\t<\/div>\n\t\t\t\t<\/div>\n\t\t\t\t\t<\/div>\n\t\n","protected":false},"excerpt":{"rendered":"","protected":false},"author":1,"featured_media":0,"parent":319,"menu_order":0,"comment_status":"closed","ping_status":"closed","template":"page-templates\/template-fullwidth.php","meta":[],"_links":{"self":[{"href":"https:\/\/www.axelfhu.com.pl\/index.php\/wp-json\/wp\/v2\/pages\/451"}],"collection":[{"href":"https:\/\/www.axelfhu.com.pl\/index.php\/wp-json\/wp\/v2\/pages"}],"about":[{"href":"https:\/\/www.axelfhu.com.pl\/index.php\/wp-json\/wp\/v2\/types\/page"}],"author":[{"embeddable":true,"href":"https:\/\/www.axelfhu.com.pl\/index.php\/wp-json\/wp\/v2\/users\/1"}],"replies":[{"embeddable":true,"href":"https:\/\/www.axelfhu.com.pl\/index.php\/wp-json\/wp\/v2\/comments?post=451"}],"version-history":[{"count":2,"href":"https:\/\/www.axelfhu.com.pl\/index.php\/wp-json\/wp\/v2\/pages\/451\/revisions"}],"predecessor-version":[{"id":453,"href":"https:\/\/www.axelfhu.com.pl\/index.php\/wp-json\/wp\/v2\/pages\/451\/revisions\/453"}],"up":[{"embeddable":true,"href":"https:\/\/www.axelfhu.com.pl\/index.php\/wp-json\/wp\/v2\/pages\/319"}],"wp:attachment":[{"href":"https:\/\/www.axelfhu.com.pl\/index.php\/wp-json\/wp\/v2\/media?parent=451"}],"curies":[{"name":"wp","href":"https:\/\/api.w.org\/{rel}","templated":true}]}}