{"id":548,"date":"2024-08-05T07:58:55","date_gmt":"2024-08-05T06:58:55","guid":{"rendered":"https:\/\/www.axelfhu.com.pl\/?page_id=548"},"modified":"2024-09-04T08:15:24","modified_gmt":"2024-09-04T07:15:24","slug":"oprogramowanie","status":"publish","type":"page","link":"https:\/\/www.axelfhu.com.pl\/index.php\/oprogramowanie\/","title":{"rendered":"Oprogramowanie"},"content":{"rendered":"\n<p>Firma AXEL F.H.U. z dum\u0105 prezentuje Program AXEL, innowacyjne <strong>oprogramowanie ERP dla cukierni i piekarni<\/strong>. Nasze oprogramowanie zosta\u0142o zaprojektowane z my\u015bl\u0105 o potrzebach bran\u017cy piekarniczo-cukierniczej, oferuj\u0105c kompleksowe rozwi\u0105zania do zarz\u0105dzania wszystkimi aspektami dzia\u0142alno\u015bci firmy. ERP, czyli Enterprise Resource Planning, to zaawansowany system informatyczny s\u0142u\u017c\u0105cy do zintegrowanego zarz\u0105dzania wszystkimi zasobami przedsi\u0119biorstwa. Obejmuje on zarz\u0105dzanie finansami, logistyk\u0105, produkcj\u0105, sprzeda\u017c\u0105, a tak\u017ce relacjami z klientami. Dzi\u0119ki ERP wszystkie te elementy zostaj\u0105 ze sob\u0105 powi\u0105zane, co umo\u017cliwia efektywne i sp\u00f3jne prowadzenie firmy. Oprogramowanie pozwala na automatyzacj\u0119 wielu proces\u00f3w biznesowych, co przek\u0142ada si\u0119 na oszcz\u0119dno\u015b\u0107 czasu i zasob\u00f3w.<\/p>\n\n\n\n<h2 class=\"wp-block-heading\">Dlaczego cukiernie i piekarnie potrzebuj\u0105 ERP?<\/h2>\n\n\n\n<p>Cukiernie i piekarnie, podobnie jak inne przedsi\u0119biorstwa, musz\u0105 <strong>zarz\u0105dza\u0107 wieloma zasobami i procesami<\/strong>. Od zarz\u0105dzania zapasami surowc\u00f3w, przez planowanie produkcji, po sprzeda\u017c gotowych wyrob\u00f3w \u2013 wszystko to wymaga skoordynowanego podej\u015bcia. Systemy ERP, takie jak program AXEL, pozwalaj\u0105 na efektywne zarz\u0105dzanie tymi wszystkimi elementami, minimalizuj\u0105c ryzyko b\u0142\u0119d\u00f3w i zwi\u0119kszaj\u0105c wydajno\u015b\u0107. Piekarnie i cukiernie maj\u0105 swoje specyficzne potrzeby i wyzwania, kt\u00f3re nie zawsze s\u0105 adekwatnie adresowane przez og\u00f3lne systemy ERP. Dlatego warto korzysta\u0107 z <a href=\"\/index.php\/oprogramowanie\/dla-cukierni\/\">oprogramowania dla cukierni<\/a> lub piekarni, kt\u00f3re uwzgl\u0119dnia specyfik\u0119 bran\u017cy. AXEL oferuje funkcje i narz\u0119dzia dostosowane do ich unikalnych potrzeb.<\/p>\n","protected":false},"excerpt":{"rendered":"<p>Firma AXEL F.H.U. z dum\u0105 prezentuje Program AXEL, innowacyjne oprogramowanie ERP dla cukierni i piekarni. Nasze oprogramowanie zosta\u0142o zaprojektowane z my\u015bl\u0105 o potrzebach bran\u017cy piekarniczo-cukierniczej, oferuj\u0105c kompleksowe rozwi\u0105zania do zarz\u0105dzania wszystkimi aspektami dzia\u0142alno\u015bci firmy. ERP, czyli Enterprise Resource Planning, to zaawansowany system informatyczny s\u0142u\u017c\u0105cy do zintegrowanego zarz\u0105dzania wszystkimi zasobami przedsi\u0119biorstwa. [&hellip;]<\/p>\n","protected":false},"author":5,"featured_media":0,"parent":0,"menu_order":0,"comment_status":"closed","ping_status":"closed","template":"","meta":[],"_links":{"self":[{"href":"https:\/\/www.axelfhu.com.pl\/index.php\/wp-json\/wp\/v2\/pages\/548"}],"collection":[{"href":"https:\/\/www.axelfhu.com.pl\/index.php\/wp-json\/wp\/v2\/pages"}],"about":[{"href":"https:\/\/www.axelfhu.com.pl\/index.php\/wp-json\/wp\/v2\/types\/page"}],"author":[{"embeddable":true,"href":"https:\/\/www.axelfhu.com.pl\/index.php\/wp-json\/wp\/v2\/users\/5"}],"replies":[{"embeddable":true,"href":"https:\/\/www.axelfhu.com.pl\/index.php\/wp-json\/wp\/v2\/comments?post=548"}],"version-history":[{"count":6,"href":"https:\/\/www.axelfhu.com.pl\/index.php\/wp-json\/wp\/v2\/pages\/548\/revisions"}],"predecessor-version":[{"id":572,"href":"https:\/\/www.axelfhu.com.pl\/index.php\/wp-json\/wp\/v2\/pages\/548\/revisions\/572"}],"wp:attachment":[{"href":"https:\/\/www.axelfhu.com.pl\/index.php\/wp-json\/wp\/v2\/media?parent=548"}],"curies":[{"name":"wp","href":"https:\/\/api.w.org\/{rel}","templated":true}]}}