{"id":558,"date":"2024-08-05T08:05:52","date_gmt":"2024-08-05T07:05:52","guid":{"rendered":"https:\/\/www.axelfhu.com.pl\/?page_id=558"},"modified":"2024-09-04T08:16:33","modified_gmt":"2024-09-04T07:16:33","slug":"dla-lodziarni","status":"publish","type":"page","link":"https:\/\/www.axelfhu.com.pl\/index.php\/oprogramowanie\/dla-lodziarni\/","title":{"rendered":"Oprogramowanie dla lodziarni"},"content":{"rendered":"\n<p>Przedsi\u0119biorstwo AXEL F.H.U. dostarcza dedykowane <strong>oprogramowanie dla lodziarni<\/strong>, uwzgl\u0119dniaj\u0105c specyficzne wymagania przedsi\u0119biorstw tego sektora. Program AXEL to kompleksowe narz\u0119dzie umo\u017cliwiaj\u0105ce skuteczne kierowanie ka\u017cdym elementem funkcjonowania lodziarni. Nasza oferta jest skierowana do w\u0142a\u015bcicieli lodziarni, zar\u00f3wno tych prowadz\u0105cych jeden lokal, jak i zarz\u0105dzaj\u0105cych sieci\u0105 punkt\u00f3w. Niezale\u017cnie od skali dzia\u0142alno\u015bci nasze oprogramowanie pomo\u017ce Ci zoptymalizowa\u0107 procesy, zwi\u0119kszy\u0107 efektywno\u015b\u0107 i poprawi\u0107 rentowno\u015b\u0107. Oprogramowanie umo\u017cliwia ksi\u0119gowo-materia\u0142ow\u0105 obs\u0142ug\u0119 firmy, minimalizuje czas potrzebny do wykonywania czynno\u015bci administracyjnych, a tak\u017ce automatycznie przypomina o p\u0142atno\u015bciach i nale\u017cno\u015bciach. Oferujemy r\u00f3wnie\u017c <a href=\"\/index.php\/oprogramowanie\/dla-masarni\/\">oprogramowanie dla masarni<\/a> i innych firm z bran\u017cy gastronomicznej.<\/p>\n\n\n\n<h2 class=\"wp-block-heading\">Dlaczego lodziarnie potrzebuj\u0105 specjalistycznego oprogramowania?<\/h2>\n\n\n\n<p>Lodziarnie, podobnie jak inne bran\u017ce, maj\u0105 swoje specyficzne wymagania i wyzwania. Zarz\u0105dzanie produkcj\u0105, sprzeda\u017c\u0105, a tak\u017ce kontrola jako\u015bci i bezpiecze\u0144stwa produkt\u00f3w to tylko niekt\u00f3re z nich. Specjalistyczne oprogramowanie, takie jak stworzony przez nas AXEL, zosta\u0142o zaprojektowane tak, aby sprosta\u0107 tym wyzwaniom i pom\u00f3c w\u0142a\u015bcicielom lodziarni w efektywnym zarz\u0105dzaniu swoim biznesem. Nasze <strong>oprogramowanie dla lodziarni pozwala na zarz\u0105dzanie produkcj\u0105 i sprzeda\u017c\u0105<\/strong>, monitorowanie jako\u015bci, a tak\u017ce zarz\u0105dzanie zasobami i finansami. Dzi\u0119ki temu w\u0142a\u015bciciele lodziarni mog\u0105 skupi\u0107 si\u0119 na tym, co najwa\u017cniejsze \u2013 tworzeniu pysznych lod\u00f3w i zadowalaniu swoich klient\u00f3w.<\/p>\n\n\n\n<hr class=\"wp-block-separator has-alpha-channel-opacity\"\/>\n","protected":false},"excerpt":{"rendered":"<p>Przedsi\u0119biorstwo AXEL F.H.U. dostarcza dedykowane oprogramowanie dla lodziarni, uwzgl\u0119dniaj\u0105c specyficzne wymagania przedsi\u0119biorstw tego sektora. Program AXEL to kompleksowe narz\u0119dzie umo\u017cliwiaj\u0105ce skuteczne kierowanie ka\u017cdym elementem funkcjonowania lodziarni. Nasza oferta jest skierowana do w\u0142a\u015bcicieli lodziarni, zar\u00f3wno tych prowadz\u0105cych jeden lokal, jak i zarz\u0105dzaj\u0105cych sieci\u0105 punkt\u00f3w. Niezale\u017cnie od skali dzia\u0142alno\u015bci nasze oprogramowanie pomo\u017ce [&hellip;]<\/p>\n","protected":false},"author":5,"featured_media":0,"parent":548,"menu_order":0,"comment_status":"closed","ping_status":"closed","template":"","meta":[],"_links":{"self":[{"href":"https:\/\/www.axelfhu.com.pl\/index.php\/wp-json\/wp\/v2\/pages\/558"}],"collection":[{"href":"https:\/\/www.axelfhu.com.pl\/index.php\/wp-json\/wp\/v2\/pages"}],"about":[{"href":"https:\/\/www.axelfhu.com.pl\/index.php\/wp-json\/wp\/v2\/types\/page"}],"author":[{"embeddable":true,"href":"https:\/\/www.axelfhu.com.pl\/index.php\/wp-json\/wp\/v2\/users\/5"}],"replies":[{"embeddable":true,"href":"https:\/\/www.axelfhu.com.pl\/index.php\/wp-json\/wp\/v2\/comments?post=558"}],"version-history":[{"count":2,"href":"https:\/\/www.axelfhu.com.pl\/index.php\/wp-json\/wp\/v2\/pages\/558\/revisions"}],"predecessor-version":[{"id":561,"href":"https:\/\/www.axelfhu.com.pl\/index.php\/wp-json\/wp\/v2\/pages\/558\/revisions\/561"}],"up":[{"embeddable":true,"href":"https:\/\/www.axelfhu.com.pl\/index.php\/wp-json\/wp\/v2\/pages\/548"}],"wp:attachment":[{"href":"https:\/\/www.axelfhu.com.pl\/index.php\/wp-json\/wp\/v2\/media?parent=558"}],"curies":[{"name":"wp","href":"https:\/\/api.w.org\/{rel}","templated":true}]}}