{"id":562,"date":"2024-08-05T08:07:30","date_gmt":"2024-08-05T07:07:30","guid":{"rendered":"https:\/\/www.axelfhu.com.pl\/?page_id=562"},"modified":"2024-09-04T08:16:58","modified_gmt":"2024-09-04T07:16:58","slug":"dla-masarni","status":"publish","type":"page","link":"https:\/\/www.axelfhu.com.pl\/index.php\/oprogramowanie\/dla-masarni\/","title":{"rendered":"Oprogramowanie dla masarni"},"content":{"rendered":"\n<p>Przedsi\u0119biorstwo AXEL F.H.U. proponuje <strong>oprogramowanie dla masarni<\/strong>, kt\u00f3re pozwala na ograniczenie czasu przeznaczonego na realizacj\u0119 zada\u0144 administracyjnych. Nasza aplikacja to solidne narz\u0119dzie, kt\u00f3re u\u0142atwia zar\u00f3wno procesy zwi\u0105zane z ksi\u0119gowo\u015bci\u0105, jak i gospodark\u0105 materia\u0142ow\u0105, a tak\u017ce automatycznie informuje o zobowi\u0105zaniach finansowych oraz nale\u017cno\u015bciach. Nasza oferta skierowana jest do w\u0142a\u015bcicieli masarni, kt\u00f3rzy pragn\u0105 zautomatyzowa\u0107 i usprawni\u0107 procesy zarz\u0105dzania swoj\u0105 firm\u0105. Oprogramowanie AXEL to produkt dla tych, kt\u00f3rzy ceni\u0105 sobie efektywno\u015b\u0107, precyzj\u0119 i oszcz\u0119dno\u015b\u0107 czasu. Decyzja o wdro\u017ceniu profesjonalnego oprogramowania dla masarni jest kluczowa, gdy zale\u017cy Ci na zwi\u0119kszeniu wydajno\u015bci pracy, redukcji b\u0142\u0119d\u00f3w i optymalizacji proces\u00f3w zarz\u0105dzania. Warto zainwestowa\u0107 w nasze oprogramowanie, gdy chcesz mie\u0107 pe\u0142n\u0105 kontrol\u0119 nad swoj\u0105 firm\u0105 i zawsze by\u0107 na bie\u017c\u0105co z jej finansami.<\/p>\n\n\n\n<h2 class=\"wp-block-heading\">Usprawnienie pracy masarni dzi\u0119ki zaawansowanemu oprogramowaniu<\/h2>\n\n\n\n<p>Nasze <strong>oprogramowanie dla masarni upraszcza wiele proces\u00f3w<\/strong>. Dzi\u0119ki niemu mo\u017cesz \u0142atwo zarz\u0105dza\u0107 ksi\u0119gowo\u015bci\u0105 i materia\u0142ami, a tak\u017ce monitorowa\u0107 p\u0142atno\u015bci. System automatycznie przypomina o zbli\u017caj\u0105cych si\u0119 terminach, co pozwala unikn\u0105\u0107 wszelkich op\u00f3\u017anie\u0144. D\u0142ugoterminowe korzy\u015bci z korzystania z naszego oprogramowania dla masarni, podobnie jak z <a href=\"\/index.php\/oprogramowanie\/dla-piekarni\/\">systemu zarz\u0105dzania dla piekarni<\/a>, to przede wszystkim oszcz\u0119dno\u015b\u0107 czasu i zwi\u0119kszenie produktywno\u015bci. Zapraszamy do kontaktu w celu uzyskania szczeg\u00f3\u0142owych informacji o naszym oprogramowaniu. Nasi specjali\u015bci ch\u0119tnie odpowiedz\u0105 na wszystkie pytania i pomog\u0105 w wyborze najlepszego rozwi\u0105zania dla Twojej firmy.<\/p>\n","protected":false},"excerpt":{"rendered":"<p>Przedsi\u0119biorstwo AXEL F.H.U. proponuje oprogramowanie dla masarni, kt\u00f3re pozwala na ograniczenie czasu przeznaczonego na realizacj\u0119 zada\u0144 administracyjnych. Nasza aplikacja to solidne narz\u0119dzie, kt\u00f3re u\u0142atwia zar\u00f3wno procesy zwi\u0105zane z ksi\u0119gowo\u015bci\u0105, jak i gospodark\u0105 materia\u0142ow\u0105, a tak\u017ce automatycznie informuje o zobowi\u0105zaniach finansowych oraz nale\u017cno\u015bciach. Nasza oferta skierowana jest do w\u0142a\u015bcicieli masarni, kt\u00f3rzy [&hellip;]<\/p>\n","protected":false},"author":5,"featured_media":0,"parent":548,"menu_order":0,"comment_status":"closed","ping_status":"closed","template":"","meta":[],"_links":{"self":[{"href":"https:\/\/www.axelfhu.com.pl\/index.php\/wp-json\/wp\/v2\/pages\/562"}],"collection":[{"href":"https:\/\/www.axelfhu.com.pl\/index.php\/wp-json\/wp\/v2\/pages"}],"about":[{"href":"https:\/\/www.axelfhu.com.pl\/index.php\/wp-json\/wp\/v2\/types\/page"}],"author":[{"embeddable":true,"href":"https:\/\/www.axelfhu.com.pl\/index.php\/wp-json\/wp\/v2\/users\/5"}],"replies":[{"embeddable":true,"href":"https:\/\/www.axelfhu.com.pl\/index.php\/wp-json\/wp\/v2\/comments?post=562"}],"version-history":[{"count":2,"href":"https:\/\/www.axelfhu.com.pl\/index.php\/wp-json\/wp\/v2\/pages\/562\/revisions"}],"predecessor-version":[{"id":565,"href":"https:\/\/www.axelfhu.com.pl\/index.php\/wp-json\/wp\/v2\/pages\/562\/revisions\/565"}],"up":[{"embeddable":true,"href":"https:\/\/www.axelfhu.com.pl\/index.php\/wp-json\/wp\/v2\/pages\/548"}],"wp:attachment":[{"href":"https:\/\/www.axelfhu.com.pl\/index.php\/wp-json\/wp\/v2\/media?parent=562"}],"curies":[{"name":"wp","href":"https:\/\/api.w.org\/{rel}","templated":true}]}}